{"id":8553,"date":"2025-06-29T10:29:54","date_gmt":"2025-06-29T08:29:54","guid":{"rendered":"https:\/\/uj.adatbank.ro\/lexikon\/termek\/galambodi-orban-samuel\/"},"modified":"2025-06-29T10:29:54","modified_gmt":"2025-06-29T08:29:54","slug":"galambodi-orban-samuel","status":"publish","type":"product","link":"https:\/\/uj.adatbank.ro\/lexikon\/termek\/galambodi-orban-samuel\/","title":{"rendered":"GALAMBODI ORB\u00c1N S\u00e1muel"},"content":{"rendered":"<p>? \u2020 P\u00f3ka, 1789. j\u00fan. 7.: ref. lelk\u00e9sz. \u2013 Feles\u00e9ge: Szil\u00e1gy Kl\u00e1ra (\u2020 P\u00f3ka, 1802). \u2013 Mv.-en subscrib\u00e1lt (1736). Nagyteremiben (1741\u201344), Magyarr\u00e9genben (1750\u201356), Beresztelk\u00e9n (1757\u201367) \u00e9s P\u00f3k\u00e1ban (1768\u201388) volt mester. <br \/><strong>Irod.:<\/strong> \u0150sz<\/br><\/p>\n","protected":false},"excerpt":{"rendered":"<p>? \u2020 P\u00f3ka, 1789. j\u00fan. 7.: ref. lelk\u00e9sz. \u2013 Feles\u00e9ge: Szil\u00e1gy Kl\u00e1ra (\u2020 P\u00f3ka, 1802). \u2013 Mv.-en subscrib\u00e1lt (1736). Nagyteremiben (1741\u201344), Magyarr\u00e9genben (1750\u201356), Beresztelk\u00e9n (1757\u201367) \u00e9s P\u00f3k\u00e1ban (1768\u201388) volt mester. Irod.: \u0150sz<\/p>\n","protected":false},"featured_media":0,"comment_status":"open","ping_status":"closed","template":"","meta":[],"product_brand":[],"product_cat":[137],"product_tag":[],"class_list":{"0":"post-8553","1":"product","2":"type-product","3":"status-publish","5":"product_cat-maros-megyei-eletrajzi-lexikon","7":"first","8":"instock","9":"shipping-taxable","10":"product-type-simple"},"_links":{"self":[{"href":"https:\/\/uj.adatbank.ro\/lexikon\/wp-json\/wp\/v2\/product\/8553","targetHints":{"allow":["GET"]}}],"collection":[{"href":"https:\/\/uj.adatbank.ro\/lexikon\/wp-json\/wp\/v2\/product"}],"about":[{"href":"https:\/\/uj.adatbank.ro\/lexikon\/wp-json\/wp\/v2\/types\/product"}],"replies":[{"embeddable":true,"href":"https:\/\/uj.adatbank.ro\/lexikon\/wp-json\/wp\/v2\/comments?post=8553"}],"wp:attachment":[{"href":"https:\/\/uj.adatbank.ro\/lexikon\/wp-json\/wp\/v2\/media?parent=8553"}],"wp:term":[{"taxonomy":"product_brand","embeddable":true,"href":"https:\/\/uj.adatbank.ro\/lexikon\/wp-json\/wp\/v2\/product_brand?post=8553"},{"taxonomy":"product_cat","embeddable":true,"href":"https:\/\/uj.adatbank.ro\/lexikon\/wp-json\/wp\/v2\/product_cat?post=8553"},{"taxonomy":"product_tag","embeddable":true,"href":"https:\/\/uj.adatbank.ro\/lexikon\/wp-json\/wp\/v2\/product_tag?post=8553"}],"curies":[{"name":"wp","href":"https:\/\/api.w.org\/{rel}","templated":true}]}}