{"id":8559,"date":"2025-06-29T10:30:07","date_gmt":"2025-06-29T08:30:07","guid":{"rendered":"https:\/\/uj.adatbank.ro\/lexikon\/termek\/galanthai-janos\/"},"modified":"2025-06-29T10:30:07","modified_gmt":"2025-06-29T08:30:07","slug":"galanthai-janos","status":"publish","type":"product","link":"https:\/\/uj.adatbank.ro\/lexikon\/termek\/galanthai-janos\/","title":{"rendered":"GAL\u00c1NTHAI J\u00e1nos"},"content":{"rendered":"<p>? \u2020 ? : csend\u0151rparancsnok. \u2013 A kv.-i N\u00e9pb\u00edr\u00f3s\u00e1g v\u00e1dirata szerint (1946. m\u00e1j. 14), a mv.-i csend\u0151rs\u00e9g parancsnoka \u00e9s t\u00f6bb mv.-i k\u00f6zigazgat\u00e1si \u00e9s katonai m. tiszts\u00e9gv\u00edsel\u0151, akt\u00edvan el\u0151mozd\u00edtotta a zsid\u00f3s\u00e1g gett\u00f3ba z\u00e1r\u00e1s\u00e1t \u00e9s deport\u00e1l\u00e1s\u00e1t (1944. \u00e1pr. -j\u00fan.). <br \/><strong>Irod.:<\/strong> Id\u0151t\u00e1r 4.<\/br><\/p>\n","protected":false},"excerpt":{"rendered":"<p>? \u2020 ? : csend\u0151rparancsnok. \u2013 A kv.-i N\u00e9pb\u00edr\u00f3s\u00e1g v\u00e1dirata szerint (1946. m\u00e1j. 14), a mv.-i csend\u0151rs\u00e9g parancsnoka \u00e9s t\u00f6bb mv.-i k\u00f6zigazgat\u00e1si \u00e9s katonai m. tiszts\u00e9gv\u00edsel\u0151, akt\u00edvan el\u0151mozd\u00edtotta a zsid\u00f3s\u00e1g gett\u00f3ba z\u00e1r\u00e1s\u00e1t \u00e9s deport\u00e1l\u00e1s\u00e1t (1944. \u00e1pr. -j\u00fan.). Irod.: Id\u0151t\u00e1r 4.<\/p>\n","protected":false},"featured_media":0,"comment_status":"open","ping_status":"closed","template":"","meta":[],"product_brand":[],"product_cat":[137],"product_tag":[],"class_list":{"0":"post-8559","1":"product","2":"type-product","3":"status-publish","5":"product_cat-maros-megyei-eletrajzi-lexikon","7":"first","8":"instock","9":"shipping-taxable","10":"product-type-simple"},"_links":{"self":[{"href":"https:\/\/uj.adatbank.ro\/lexikon\/wp-json\/wp\/v2\/product\/8559","targetHints":{"allow":["GET"]}}],"collection":[{"href":"https:\/\/uj.adatbank.ro\/lexikon\/wp-json\/wp\/v2\/product"}],"about":[{"href":"https:\/\/uj.adatbank.ro\/lexikon\/wp-json\/wp\/v2\/types\/product"}],"replies":[{"embeddable":true,"href":"https:\/\/uj.adatbank.ro\/lexikon\/wp-json\/wp\/v2\/comments?post=8559"}],"wp:attachment":[{"href":"https:\/\/uj.adatbank.ro\/lexikon\/wp-json\/wp\/v2\/media?parent=8559"}],"wp:term":[{"taxonomy":"product_brand","embeddable":true,"href":"https:\/\/uj.adatbank.ro\/lexikon\/wp-json\/wp\/v2\/product_brand?post=8559"},{"taxonomy":"product_cat","embeddable":true,"href":"https:\/\/uj.adatbank.ro\/lexikon\/wp-json\/wp\/v2\/product_cat?post=8559"},{"taxonomy":"product_tag","embeddable":true,"href":"https:\/\/uj.adatbank.ro\/lexikon\/wp-json\/wp\/v2\/product_tag?post=8559"}],"curies":[{"name":"wp","href":"https:\/\/api.w.org\/{rel}","templated":true}]}}