{"id":8561,"date":"2025-06-29T10:30:10","date_gmt":"2025-06-29T08:30:10","guid":{"rendered":"https:\/\/uj.adatbank.ro\/lexikon\/termek\/galea-elena\/"},"modified":"2025-06-29T10:30:10","modified_gmt":"2025-06-29T08:30:10","slug":"galea-elena","status":"publish","type":"product","link":"https:\/\/uj.adatbank.ro\/lexikon\/termek\/galea-elena\/","title":{"rendered":"GALEA Elena"},"content":{"rendered":"<p>? \u2020\u00a0?: m\u00e9rn\u00f6k. \u2013 Maros megye Nagy Nemzetgy\u0171l\u00e9si k\u00e9pvisel\u0151je (1975. m\u00e1rc. 9.), a segesv\u00e1ri sz\u00f6vetgy\u00e1r f\u0151m\u00e9rn\u00f6ke (1975). \u2013 Irod: Cri\u015fan<\/br><\/p>\n","protected":false},"excerpt":{"rendered":"<p>? \u2020\u00a0?: m\u00e9rn\u00f6k. \u2013 Maros megye Nagy Nemzetgy\u0171l\u00e9si k\u00e9pvisel\u0151je (1975. m\u00e1rc. 9.), a segesv\u00e1ri sz\u00f6vetgy\u00e1r f\u0151m\u00e9rn\u00f6ke (1975). \u2013 Irod: Cri\u015fan<\/p>\n","protected":false},"featured_media":0,"comment_status":"open","ping_status":"closed","template":"","meta":[],"product_brand":[],"product_cat":[137],"product_tag":[],"class_list":{"0":"post-8561","1":"product","2":"type-product","3":"status-publish","5":"product_cat-maros-megyei-eletrajzi-lexikon","7":"first","8":"instock","9":"shipping-taxable","10":"product-type-simple"},"_links":{"self":[{"href":"https:\/\/uj.adatbank.ro\/lexikon\/wp-json\/wp\/v2\/product\/8561","targetHints":{"allow":["GET"]}}],"collection":[{"href":"https:\/\/uj.adatbank.ro\/lexikon\/wp-json\/wp\/v2\/product"}],"about":[{"href":"https:\/\/uj.adatbank.ro\/lexikon\/wp-json\/wp\/v2\/types\/product"}],"replies":[{"embeddable":true,"href":"https:\/\/uj.adatbank.ro\/lexikon\/wp-json\/wp\/v2\/comments?post=8561"}],"wp:attachment":[{"href":"https:\/\/uj.adatbank.ro\/lexikon\/wp-json\/wp\/v2\/media?parent=8561"}],"wp:term":[{"taxonomy":"product_brand","embeddable":true,"href":"https:\/\/uj.adatbank.ro\/lexikon\/wp-json\/wp\/v2\/product_brand?post=8561"},{"taxonomy":"product_cat","embeddable":true,"href":"https:\/\/uj.adatbank.ro\/lexikon\/wp-json\/wp\/v2\/product_cat?post=8561"},{"taxonomy":"product_tag","embeddable":true,"href":"https:\/\/uj.adatbank.ro\/lexikon\/wp-json\/wp\/v2\/product_tag?post=8561"}],"curies":[{"name":"wp","href":"https:\/\/api.w.org\/{rel}","templated":true}]}}