{"id":8564,"date":"2025-06-29T10:30:16","date_gmt":"2025-06-29T08:30:16","guid":{"rendered":"https:\/\/uj.adatbank.ro\/lexikon\/termek\/galfalvi-antal\/"},"modified":"2025-06-29T10:30:16","modified_gmt":"2025-06-29T08:30:16","slug":"galfalvi-antal","status":"publish","type":"product","link":"https:\/\/uj.adatbank.ro\/lexikon\/termek\/galfalvi-antal\/","title":{"rendered":"G\u00c1LFALVI Antal"},"content":{"rendered":"<p>1874., \u2020\u00a0Mv., 1948. m\u00e1rc. 14.: it\u00e9l\u0151t\u00e1blai irodai f\u0151tiszt. <br \/><strong>Irod.:<\/strong> [Nekrol\u00f3g](Szabad Sz\u00f3, 1948. m\u00e1rc. 14.)<\/br><\/p>\n","protected":false},"excerpt":{"rendered":"<p>1874., \u2020\u00a0Mv., 1948. m\u00e1rc. 14.: it\u00e9l\u0151t\u00e1blai irodai f\u0151tiszt. Irod.: [Nekrol\u00f3g](Szabad Sz\u00f3, 1948. m\u00e1rc. 14.)<\/p>\n","protected":false},"featured_media":0,"comment_status":"open","ping_status":"closed","template":"","meta":[],"product_brand":[],"product_cat":[137],"product_tag":[],"class_list":{"0":"post-8564","1":"product","2":"type-product","3":"status-publish","5":"product_cat-maros-megyei-eletrajzi-lexikon","7":"first","8":"instock","9":"shipping-taxable","10":"product-type-simple"},"_links":{"self":[{"href":"https:\/\/uj.adatbank.ro\/lexikon\/wp-json\/wp\/v2\/product\/8564","targetHints":{"allow":["GET"]}}],"collection":[{"href":"https:\/\/uj.adatbank.ro\/lexikon\/wp-json\/wp\/v2\/product"}],"about":[{"href":"https:\/\/uj.adatbank.ro\/lexikon\/wp-json\/wp\/v2\/types\/product"}],"replies":[{"embeddable":true,"href":"https:\/\/uj.adatbank.ro\/lexikon\/wp-json\/wp\/v2\/comments?post=8564"}],"wp:attachment":[{"href":"https:\/\/uj.adatbank.ro\/lexikon\/wp-json\/wp\/v2\/media?parent=8564"}],"wp:term":[{"taxonomy":"product_brand","embeddable":true,"href":"https:\/\/uj.adatbank.ro\/lexikon\/wp-json\/wp\/v2\/product_brand?post=8564"},{"taxonomy":"product_cat","embeddable":true,"href":"https:\/\/uj.adatbank.ro\/lexikon\/wp-json\/wp\/v2\/product_cat?post=8564"},{"taxonomy":"product_tag","embeddable":true,"href":"https:\/\/uj.adatbank.ro\/lexikon\/wp-json\/wp\/v2\/product_tag?post=8564"}],"curies":[{"name":"wp","href":"https:\/\/api.w.org\/{rel}","templated":true}]}}