{"id":8565,"date":"2025-06-29T10:30:17","date_gmt":"2025-06-29T08:30:17","guid":{"rendered":"https:\/\/uj.adatbank.ro\/lexikon\/termek\/galfalvi-antal-nyaradgalfalvi\/"},"modified":"2025-06-29T10:30:17","modified_gmt":"2025-06-29T08:30:17","slug":"galfalvi-antal-nyaradgalfalvi","status":"publish","type":"product","link":"https:\/\/uj.adatbank.ro\/lexikon\/termek\/galfalvi-antal-nyaradgalfalvi\/","title":{"rendered":"G\u00c1LFALVI Antal, ny\u00e1r\u00e1dg\u00e1lfalvi"},"content":{"rendered":"<p>? \u2020\u00a0? : \u00fcln\u00f6k. \u2013 G\u00e1lfalvi Antal \u00e9s Mih\u00e1ly Marossz\u00e9kben fi\u00f3k-t\u00f6rv\u00e9nysz\u00e9ki \u00fcln\u00f6k\u00f6k (1815). <br \/><strong>Irod.:<\/strong> Nagy Iv\u00e1n<\/br><\/p>\n","protected":false},"excerpt":{"rendered":"<p>? \u2020\u00a0? : \u00fcln\u00f6k. \u2013 G\u00e1lfalvi Antal \u00e9s Mih\u00e1ly Marossz\u00e9kben fi\u00f3k-t\u00f6rv\u00e9nysz\u00e9ki \u00fcln\u00f6k\u00f6k (1815). Irod.: Nagy Iv\u00e1n<\/p>\n","protected":false},"featured_media":0,"comment_status":"open","ping_status":"closed","template":"","meta":[],"product_brand":[],"product_cat":[137],"product_tag":[],"class_list":{"0":"post-8565","1":"product","2":"type-product","3":"status-publish","5":"product_cat-maros-megyei-eletrajzi-lexikon","7":"first","8":"instock","9":"shipping-taxable","10":"product-type-simple"},"_links":{"self":[{"href":"https:\/\/uj.adatbank.ro\/lexikon\/wp-json\/wp\/v2\/product\/8565","targetHints":{"allow":["GET"]}}],"collection":[{"href":"https:\/\/uj.adatbank.ro\/lexikon\/wp-json\/wp\/v2\/product"}],"about":[{"href":"https:\/\/uj.adatbank.ro\/lexikon\/wp-json\/wp\/v2\/types\/product"}],"replies":[{"embeddable":true,"href":"https:\/\/uj.adatbank.ro\/lexikon\/wp-json\/wp\/v2\/comments?post=8565"}],"wp:attachment":[{"href":"https:\/\/uj.adatbank.ro\/lexikon\/wp-json\/wp\/v2\/media?parent=8565"}],"wp:term":[{"taxonomy":"product_brand","embeddable":true,"href":"https:\/\/uj.adatbank.ro\/lexikon\/wp-json\/wp\/v2\/product_brand?post=8565"},{"taxonomy":"product_cat","embeddable":true,"href":"https:\/\/uj.adatbank.ro\/lexikon\/wp-json\/wp\/v2\/product_cat?post=8565"},{"taxonomy":"product_tag","embeddable":true,"href":"https:\/\/uj.adatbank.ro\/lexikon\/wp-json\/wp\/v2\/product_tag?post=8565"}],"curies":[{"name":"wp","href":"https:\/\/api.w.org\/{rel}","templated":true}]}}