{"id":8569,"date":"2025-06-29T10:30:24","date_gmt":"2025-06-29T08:30:24","guid":{"rendered":"https:\/\/uj.adatbank.ro\/lexikon\/termek\/galfalvi-gergely-siketfalvi-galfalvi-alias-suketfalvai-gergely\/"},"modified":"2025-06-29T10:30:24","modified_gmt":"2025-06-29T08:30:24","slug":"galfalvi-gergely-siketfalvi-galfalvi-alias-suketfalvai-gergely","status":"publish","type":"product","link":"https:\/\/uj.adatbank.ro\/lexikon\/termek\/galfalvi-gergely-siketfalvi-galfalvi-alias-suketfalvai-gergely\/","title":{"rendered":"G\u00c1LFALVI Gergely, siketfalvi, g\u00e1lfalvi, alias S\u00fcketfalvai Gergely"},"content":{"rendered":"<p>? \u2020\u00a0? : not\u00e1riuus, fisc\u00e1lis director, kincst\u00e1ri jog\u00fcgyigazgat\u00f3, nemes. \u2013 Feles\u00e9ge: Elekesi Borb\u00e1la. Fiaik: Mih\u00e1ly \u00e9s Gergely. \u2013 Marossz\u00e9k not\u00e1riusa (1691\u20131709). Nemess\u00e9g\u00fck meg\u00faj\u00edt\u00e1s\u00e1ban r\u00e9szes\u00fcltek (1700. j\u00fal. 10.). Kincst\u00e1ri jog\u00fcgyigazgat\u00f3 (1703\u20131715). A h\u00edres Sz\u00e1sz J\u00e1nos kir\u00e1lybir\u00f3 elleni v\u00e1dp\u00f6rben mint k\u00f6z\u00fcgyek igazgat\u00f3ja (Fiscalis Director) \u00e1llott (1703). Erd\u00e9ly polg\u00e1ri korm\u00e1nyzat\u00e1ban a kincstart\u00f3 tiszte \u00fcres volt, a fiscus egyik k\u00e9pvisel\u0151je, mint fiscalis \u00fcgy\u00e9sz (1711. k.) <br \/><strong>Irod.:<\/strong> Kempelen; K\u0151v\u00e1ry; Nagy Iv\u00e1n; P\u00e1l-Antal; P\u00e1l-Antal 2002; P\u00e1lmay; Sepsisz\u00e9ki.; Tr\u00f3cs\u00e1nyi 1988<\/br><\/p>\n","protected":false},"excerpt":{"rendered":"<p>? \u2020\u00a0? : not\u00e1riuus, fisc\u00e1lis director, kincst\u00e1ri jog\u00fcgyigazgat\u00f3, nemes. \u2013 Feles\u00e9ge: Elekesi Borb\u00e1la. Fiaik: Mih\u00e1ly \u00e9s Gergely. \u2013 Marossz\u00e9k not\u00e1riusa (1691\u20131709). Nemess\u00e9g\u00fck meg\u00faj\u00edt\u00e1s\u00e1ban r\u00e9szes\u00fcltek (1700. j\u00fal. 10.). Kincst\u00e1ri jog\u00fcgyigazgat\u00f3 (1703\u20131715). A h\u00edres Sz\u00e1sz J\u00e1nos kir\u00e1lybir\u00f3 elleni v\u00e1dp\u00f6rben mint k\u00f6z\u00fcgyek igazgat\u00f3ja (Fiscalis Director) \u00e1llott (1703). Erd\u00e9ly polg\u00e1ri korm\u00e1nyzat\u00e1ban a kincstart\u00f3 tiszte \u00fcres volt, a fiscus egyik [&hellip;]<\/p>\n","protected":false},"featured_media":0,"comment_status":"open","ping_status":"closed","template":"","meta":[],"product_brand":[],"product_cat":[137],"product_tag":[],"class_list":{"0":"post-8569","1":"product","2":"type-product","3":"status-publish","5":"product_cat-maros-megyei-eletrajzi-lexikon","7":"first","8":"instock","9":"shipping-taxable","10":"product-type-simple"},"_links":{"self":[{"href":"https:\/\/uj.adatbank.ro\/lexikon\/wp-json\/wp\/v2\/product\/8569","targetHints":{"allow":["GET"]}}],"collection":[{"href":"https:\/\/uj.adatbank.ro\/lexikon\/wp-json\/wp\/v2\/product"}],"about":[{"href":"https:\/\/uj.adatbank.ro\/lexikon\/wp-json\/wp\/v2\/types\/product"}],"replies":[{"embeddable":true,"href":"https:\/\/uj.adatbank.ro\/lexikon\/wp-json\/wp\/v2\/comments?post=8569"}],"wp:attachment":[{"href":"https:\/\/uj.adatbank.ro\/lexikon\/wp-json\/wp\/v2\/media?parent=8569"}],"wp:term":[{"taxonomy":"product_brand","embeddable":true,"href":"https:\/\/uj.adatbank.ro\/lexikon\/wp-json\/wp\/v2\/product_brand?post=8569"},{"taxonomy":"product_cat","embeddable":true,"href":"https:\/\/uj.adatbank.ro\/lexikon\/wp-json\/wp\/v2\/product_cat?post=8569"},{"taxonomy":"product_tag","embeddable":true,"href":"https:\/\/uj.adatbank.ro\/lexikon\/wp-json\/wp\/v2\/product_tag?post=8569"}],"curies":[{"name":"wp","href":"https:\/\/api.w.org\/{rel}","templated":true}]}}