{"id":8572,"date":"2025-06-29T10:30:35","date_gmt":"2025-06-29T08:30:35","guid":{"rendered":"https:\/\/uj.adatbank.ro\/lexikon\/termek\/galfalvi-istvan-2\/"},"modified":"2025-06-29T10:30:35","modified_gmt":"2025-06-29T08:30:35","slug":"galfalvi-istvan-2","status":"publish","type":"product","link":"https:\/\/uj.adatbank.ro\/lexikon\/termek\/galfalvi-istvan-2\/","title":{"rendered":"G\u00c1LFALVI Istv\u00e1n"},"content":{"rendered":"<p>1729., \u2020 ? : unit. lelk\u00e9sz. \u2013 Feles\u00e9ge: G\u00e1lfi Judit, h\u00e1rom gyermek\u00fck volt. \u2013 39 \u00e9vesen foglalta el a pipei lelk\u00e9szi \u00e1ll\u00e1st (1768\u20131805 ). Az \u0151 idej\u00e9ben kapott \u00faj templomot Pipe (1790\u201392). <br \/><strong>Irod.:<\/strong> Pipei Egyh\u00e1zk\u00f6zs\u00e9g<\/br><\/p>\n","protected":false},"excerpt":{"rendered":"<p>1729., \u2020 ? : unit. lelk\u00e9sz. \u2013 Feles\u00e9ge: G\u00e1lfi Judit, h\u00e1rom gyermek\u00fck volt. \u2013 39 \u00e9vesen foglalta el a pipei lelk\u00e9szi \u00e1ll\u00e1st (1768\u20131805 ). Az \u0151 idej\u00e9ben kapott \u00faj templomot Pipe (1790\u201392). Irod.: Pipei Egyh\u00e1zk\u00f6zs\u00e9g<\/p>\n","protected":false},"featured_media":0,"comment_status":"open","ping_status":"closed","template":"","meta":[],"product_brand":[],"product_cat":[137],"product_tag":[],"class_list":{"0":"post-8572","1":"product","2":"type-product","3":"status-publish","5":"product_cat-maros-megyei-eletrajzi-lexikon","7":"first","8":"instock","9":"shipping-taxable","10":"product-type-simple"},"_links":{"self":[{"href":"https:\/\/uj.adatbank.ro\/lexikon\/wp-json\/wp\/v2\/product\/8572","targetHints":{"allow":["GET"]}}],"collection":[{"href":"https:\/\/uj.adatbank.ro\/lexikon\/wp-json\/wp\/v2\/product"}],"about":[{"href":"https:\/\/uj.adatbank.ro\/lexikon\/wp-json\/wp\/v2\/types\/product"}],"replies":[{"embeddable":true,"href":"https:\/\/uj.adatbank.ro\/lexikon\/wp-json\/wp\/v2\/comments?post=8572"}],"wp:attachment":[{"href":"https:\/\/uj.adatbank.ro\/lexikon\/wp-json\/wp\/v2\/media?parent=8572"}],"wp:term":[{"taxonomy":"product_brand","embeddable":true,"href":"https:\/\/uj.adatbank.ro\/lexikon\/wp-json\/wp\/v2\/product_brand?post=8572"},{"taxonomy":"product_cat","embeddable":true,"href":"https:\/\/uj.adatbank.ro\/lexikon\/wp-json\/wp\/v2\/product_cat?post=8572"},{"taxonomy":"product_tag","embeddable":true,"href":"https:\/\/uj.adatbank.ro\/lexikon\/wp-json\/wp\/v2\/product_tag?post=8572"}],"curies":[{"name":"wp","href":"https:\/\/api.w.org\/{rel}","templated":true}]}}