{"id":8573,"date":"2025-06-29T10:30:37","date_gmt":"2025-06-29T08:30:37","guid":{"rendered":"https:\/\/uj.adatbank.ro\/lexikon\/termek\/galfalvi-istvan-3\/"},"modified":"2025-06-29T10:30:37","modified_gmt":"2025-06-29T08:30:37","slug":"galfalvi-istvan-3","status":"publish","type":"product","link":"https:\/\/uj.adatbank.ro\/lexikon\/termek\/galfalvi-istvan-3\/","title":{"rendered":"G\u00c1LFALVI Istv\u00e1n"},"content":{"rendered":"<p>1837, \u2020\u00a0Harangl\u00e1b, 1913. j\u00fal. 5.: unit. lelk\u00e9sz. \u2013 Apja: Istv\u00e1n (\u2020 1891). tagja volt a t\u00f6rv\u00e9nyhat\u00f3s\u00e1gi nizotts\u00e1gnak. \u2013 Harangl\u00e1bon szolg\u00e1lt. <strong>Cikke:<\/strong> Csal\u00e1d \u00e9s Iskola-ban (1895). <br \/><strong>Irod.:<\/strong> Guly\u00e1s; Kelemen<\/br><\/p>\n","protected":false},"excerpt":{"rendered":"<p>1837, \u2020\u00a0Harangl\u00e1b, 1913. j\u00fal. 5.: unit. lelk\u00e9sz. \u2013 Apja: Istv\u00e1n (\u2020 1891). tagja volt a t\u00f6rv\u00e9nyhat\u00f3s\u00e1gi nizotts\u00e1gnak. \u2013 Harangl\u00e1bon szolg\u00e1lt. Cikke: Csal\u00e1d \u00e9s Iskola-ban (1895). Irod.: Guly\u00e1s; Kelemen<\/p>\n","protected":false},"featured_media":0,"comment_status":"open","ping_status":"closed","template":"","meta":[],"product_brand":[],"product_cat":[137],"product_tag":[],"class_list":{"0":"post-8573","1":"product","2":"type-product","3":"status-publish","5":"product_cat-maros-megyei-eletrajzi-lexikon","7":"first","8":"instock","9":"shipping-taxable","10":"product-type-simple"},"_links":{"self":[{"href":"https:\/\/uj.adatbank.ro\/lexikon\/wp-json\/wp\/v2\/product\/8573","targetHints":{"allow":["GET"]}}],"collection":[{"href":"https:\/\/uj.adatbank.ro\/lexikon\/wp-json\/wp\/v2\/product"}],"about":[{"href":"https:\/\/uj.adatbank.ro\/lexikon\/wp-json\/wp\/v2\/types\/product"}],"replies":[{"embeddable":true,"href":"https:\/\/uj.adatbank.ro\/lexikon\/wp-json\/wp\/v2\/comments?post=8573"}],"wp:attachment":[{"href":"https:\/\/uj.adatbank.ro\/lexikon\/wp-json\/wp\/v2\/media?parent=8573"}],"wp:term":[{"taxonomy":"product_brand","embeddable":true,"href":"https:\/\/uj.adatbank.ro\/lexikon\/wp-json\/wp\/v2\/product_brand?post=8573"},{"taxonomy":"product_cat","embeddable":true,"href":"https:\/\/uj.adatbank.ro\/lexikon\/wp-json\/wp\/v2\/product_cat?post=8573"},{"taxonomy":"product_tag","embeddable":true,"href":"https:\/\/uj.adatbank.ro\/lexikon\/wp-json\/wp\/v2\/product_tag?post=8573"}],"curies":[{"name":"wp","href":"https:\/\/api.w.org\/{rel}","templated":true}]}}