{"id":8574,"date":"2025-06-29T10:30:39","date_gmt":"2025-06-29T08:30:39","guid":{"rendered":"https:\/\/uj.adatbank.ro\/lexikon\/termek\/galfalvi-janos\/"},"modified":"2025-06-29T10:30:39","modified_gmt":"2025-06-29T08:30:39","slug":"galfalvi-janos","status":"publish","type":"product","link":"https:\/\/uj.adatbank.ro\/lexikon\/termek\/galfalvi-janos\/","title":{"rendered":"G\u00c1LFALVI J\u00e1nos"},"content":{"rendered":"<p>Nagykad\u00e1cs , ? \u2020\u00a0?: unit. lelk\u00e9sz. \u2013 G. P\u00e1l tan\u00edt\u00f3 \u00e9s fels\u0151benc\u00e9di Firtos R\u00f3za, honv\u00e9d fia. \u2013 H\u00e9t gyermek\u00fck volt. G\u00e1lfalvi Zsoltnak, a h\u00fag\u00e1nak \u00e9s \u00f6ccs\u00e9nek Gy\u00f6rgynek apai nagydz\u00fclei. <br \/><strong>Irod.:<\/strong> Sz\u00e1molok a kisz\u00e1m\u00edthatalans\u00e1ggal \/ Ferenczes Istv\u00e1n besz\u00e9lget\u00e9se G\u00e1lfalvi Gy\u00f6rggyel (Sz\u00e9kelyf\u00f6ld, 4. sz., 2012).<\/br><\/p>\n","protected":false},"excerpt":{"rendered":"<p>Nagykad\u00e1cs , ? \u2020\u00a0?: unit. lelk\u00e9sz. \u2013 G. P\u00e1l tan\u00edt\u00f3 \u00e9s fels\u0151benc\u00e9di Firtos R\u00f3za, honv\u00e9d fia. \u2013 H\u00e9t gyermek\u00fck volt. G\u00e1lfalvi Zsoltnak, a h\u00fag\u00e1nak \u00e9s \u00f6ccs\u00e9nek Gy\u00f6rgynek apai nagydz\u00fclei. Irod.: Sz\u00e1molok a kisz\u00e1m\u00edthatalans\u00e1ggal \/ Ferenczes Istv\u00e1n besz\u00e9lget\u00e9se G\u00e1lfalvi Gy\u00f6rggyel (Sz\u00e9kelyf\u00f6ld, 4. sz., 2012).<\/p>\n","protected":false},"featured_media":0,"comment_status":"open","ping_status":"closed","template":"","meta":[],"product_brand":[],"product_cat":[137],"product_tag":[],"class_list":{"0":"post-8574","1":"product","2":"type-product","3":"status-publish","5":"product_cat-maros-megyei-eletrajzi-lexikon","7":"first","8":"instock","9":"shipping-taxable","10":"product-type-simple"},"_links":{"self":[{"href":"https:\/\/uj.adatbank.ro\/lexikon\/wp-json\/wp\/v2\/product\/8574","targetHints":{"allow":["GET"]}}],"collection":[{"href":"https:\/\/uj.adatbank.ro\/lexikon\/wp-json\/wp\/v2\/product"}],"about":[{"href":"https:\/\/uj.adatbank.ro\/lexikon\/wp-json\/wp\/v2\/types\/product"}],"replies":[{"embeddable":true,"href":"https:\/\/uj.adatbank.ro\/lexikon\/wp-json\/wp\/v2\/comments?post=8574"}],"wp:attachment":[{"href":"https:\/\/uj.adatbank.ro\/lexikon\/wp-json\/wp\/v2\/media?parent=8574"}],"wp:term":[{"taxonomy":"product_brand","embeddable":true,"href":"https:\/\/uj.adatbank.ro\/lexikon\/wp-json\/wp\/v2\/product_brand?post=8574"},{"taxonomy":"product_cat","embeddable":true,"href":"https:\/\/uj.adatbank.ro\/lexikon\/wp-json\/wp\/v2\/product_cat?post=8574"},{"taxonomy":"product_tag","embeddable":true,"href":"https:\/\/uj.adatbank.ro\/lexikon\/wp-json\/wp\/v2\/product_tag?post=8574"}],"curies":[{"name":"wp","href":"https:\/\/api.w.org\/{rel}","templated":true}]}}