{"id":8578,"date":"2025-06-29T10:30:46","date_gmt":"2025-06-29T08:30:46","guid":{"rendered":"https:\/\/uj.adatbank.ro\/lexikon\/termek\/galfalvi-marton\/"},"modified":"2025-06-29T10:30:46","modified_gmt":"2025-06-29T08:30:46","slug":"galfalvi-marton","status":"publish","type":"product","link":"https:\/\/uj.adatbank.ro\/lexikon\/termek\/galfalvi-marton\/","title":{"rendered":"G\u00c1LFALVI M\u00e1rton"},"content":{"rendered":"<p>? \u2020\u00a0? : tan\u00edt\u00f3. \u2013 Ny\u00e1r\u00e1dszentm\u00e1rtonban tan\u00edtott \u00e9vtizedeken kereszt\u00fcl (a 17\u201318. sz. fordul\u00f3j\u00e1n), a k\u00e1ntori \u00e9s harangoz\u00f3i teend\u0151ket is ell\u00e1tta. \u201eV\u00e9ns\u00e9gi er\u0151tlens\u00e9ge miatt Jobb\u00e1gyfalv\u00e1n tartson seg\u00e9det, \u201d rendelte el a p\u00fcsp\u00f6ki vizsg\u00e1lat (1684). <br \/><strong>Irod.:<\/strong> Cs\u00edkfalva<\/br><\/p>\n","protected":false},"excerpt":{"rendered":"<p>? \u2020\u00a0? : tan\u00edt\u00f3. \u2013 Ny\u00e1r\u00e1dszentm\u00e1rtonban tan\u00edtott \u00e9vtizedeken kereszt\u00fcl (a 17\u201318. sz. fordul\u00f3j\u00e1n), a k\u00e1ntori \u00e9s harangoz\u00f3i teend\u0151ket is ell\u00e1tta. \u201eV\u00e9ns\u00e9gi er\u0151tlens\u00e9ge miatt Jobb\u00e1gyfalv\u00e1n tartson seg\u00e9det, \u201d rendelte el a p\u00fcsp\u00f6ki vizsg\u00e1lat (1684). Irod.: Cs\u00edkfalva<\/p>\n","protected":false},"featured_media":0,"comment_status":"open","ping_status":"closed","template":"","meta":[],"product_brand":[],"product_cat":[137],"product_tag":[],"class_list":{"0":"post-8578","1":"product","2":"type-product","3":"status-publish","5":"product_cat-maros-megyei-eletrajzi-lexikon","7":"first","8":"instock","9":"shipping-taxable","10":"product-type-simple"},"_links":{"self":[{"href":"https:\/\/uj.adatbank.ro\/lexikon\/wp-json\/wp\/v2\/product\/8578","targetHints":{"allow":["GET"]}}],"collection":[{"href":"https:\/\/uj.adatbank.ro\/lexikon\/wp-json\/wp\/v2\/product"}],"about":[{"href":"https:\/\/uj.adatbank.ro\/lexikon\/wp-json\/wp\/v2\/types\/product"}],"replies":[{"embeddable":true,"href":"https:\/\/uj.adatbank.ro\/lexikon\/wp-json\/wp\/v2\/comments?post=8578"}],"wp:attachment":[{"href":"https:\/\/uj.adatbank.ro\/lexikon\/wp-json\/wp\/v2\/media?parent=8578"}],"wp:term":[{"taxonomy":"product_brand","embeddable":true,"href":"https:\/\/uj.adatbank.ro\/lexikon\/wp-json\/wp\/v2\/product_brand?post=8578"},{"taxonomy":"product_cat","embeddable":true,"href":"https:\/\/uj.adatbank.ro\/lexikon\/wp-json\/wp\/v2\/product_cat?post=8578"},{"taxonomy":"product_tag","embeddable":true,"href":"https:\/\/uj.adatbank.ro\/lexikon\/wp-json\/wp\/v2\/product_tag?post=8578"}],"curies":[{"name":"wp","href":"https:\/\/api.w.org\/{rel}","templated":true}]}}