{"id":8579,"date":"2025-06-29T10:30:48","date_gmt":"2025-06-29T08:30:48","guid":{"rendered":"https:\/\/uj.adatbank.ro\/lexikon\/termek\/galfalvi-mihaly\/"},"modified":"2025-06-29T10:30:48","modified_gmt":"2025-06-29T08:30:48","slug":"galfalvi-mihaly","status":"publish","type":"product","link":"https:\/\/uj.adatbank.ro\/lexikon\/termek\/galfalvi-mihaly\/","title":{"rendered":"G\u00c1LFALVI Mih\u00e1ly"},"content":{"rendered":"<p>? \u2020\u00a0? : ref. lelk\u00e9sz. \u2013 Feles\u00e9ge Bethfalvi Judit. \u2013 Mv.-en subscrib\u00e1lt (1657). B\u00faz\u00e1sbeseny\u0151ben (1666\u201367), K\u00fck\u00fcll\u0151alm\u00e1son lelk\u00e9sz (1669). <br \/><strong>Irod.:<\/strong> K\u00fck\u00fcll\u0151i Ref. Egyh\u00e1zm. 1., 3.<\/br><\/p>\n","protected":false},"excerpt":{"rendered":"<p>? \u2020\u00a0? : ref. lelk\u00e9sz. \u2013 Feles\u00e9ge Bethfalvi Judit. \u2013 Mv.-en subscrib\u00e1lt (1657). B\u00faz\u00e1sbeseny\u0151ben (1666\u201367), K\u00fck\u00fcll\u0151alm\u00e1son lelk\u00e9sz (1669). Irod.: K\u00fck\u00fcll\u0151i Ref. Egyh\u00e1zm. 1., 3.<\/p>\n","protected":false},"featured_media":0,"comment_status":"open","ping_status":"closed","template":"","meta":[],"product_brand":[],"product_cat":[137],"product_tag":[],"class_list":{"0":"post-8579","1":"product","2":"type-product","3":"status-publish","5":"product_cat-maros-megyei-eletrajzi-lexikon","7":"first","8":"instock","9":"shipping-taxable","10":"product-type-simple"},"_links":{"self":[{"href":"https:\/\/uj.adatbank.ro\/lexikon\/wp-json\/wp\/v2\/product\/8579","targetHints":{"allow":["GET"]}}],"collection":[{"href":"https:\/\/uj.adatbank.ro\/lexikon\/wp-json\/wp\/v2\/product"}],"about":[{"href":"https:\/\/uj.adatbank.ro\/lexikon\/wp-json\/wp\/v2\/types\/product"}],"replies":[{"embeddable":true,"href":"https:\/\/uj.adatbank.ro\/lexikon\/wp-json\/wp\/v2\/comments?post=8579"}],"wp:attachment":[{"href":"https:\/\/uj.adatbank.ro\/lexikon\/wp-json\/wp\/v2\/media?parent=8579"}],"wp:term":[{"taxonomy":"product_brand","embeddable":true,"href":"https:\/\/uj.adatbank.ro\/lexikon\/wp-json\/wp\/v2\/product_brand?post=8579"},{"taxonomy":"product_cat","embeddable":true,"href":"https:\/\/uj.adatbank.ro\/lexikon\/wp-json\/wp\/v2\/product_cat?post=8579"},{"taxonomy":"product_tag","embeddable":true,"href":"https:\/\/uj.adatbank.ro\/lexikon\/wp-json\/wp\/v2\/product_tag?post=8579"}],"curies":[{"name":"wp","href":"https:\/\/api.w.org\/{rel}","templated":true}]}}