{"id":8581,"date":"2025-06-29T10:30:52","date_gmt":"2025-06-29T08:30:52","guid":{"rendered":"https:\/\/uj.adatbank.ro\/lexikon\/termek\/galfalvi-miklos\/"},"modified":"2025-06-29T10:30:52","modified_gmt":"2025-06-29T08:30:52","slug":"galfalvi-miklos","status":"publish","type":"product","link":"https:\/\/uj.adatbank.ro\/lexikon\/termek\/galfalvi-miklos\/","title":{"rendered":"G\u00c1LFALVI Mikl\u00f3s"},"content":{"rendered":"<p>? \u2020\u00a0? : tan\u00edt\u00f3, ref. lelk\u00e9sz. \u2013 Nagyenyeden subscrib\u00e1lt (1674). Felvincen \u00e9s Cs\u00e1v\u00e1son tan\u00edtott, rektor volt (1677\u201381). Mez\u0151bodonban (1681), K\u00fck\u00fcll\u0151sz\u00e9plakon (1683\u201385), Gog\u00e1nban (1689), Ebesfalv\u00e1n (1692), Harangl\u00e1bon (1697), K\u00fck\u00fcll\u0151alm\u00e1son (1698) \u00e9s Kerel\u0151szentp\u00e1lon (1701-03) volt lelk\u00e9sz. <br \/><strong>Irod.:<\/strong> K\u00fck\u00fcll\u0151i Ref. Egyh\u00e1zm. 1., 2., 3., 4.<\/br><\/p>\n","protected":false},"excerpt":{"rendered":"<p>? \u2020\u00a0? : tan\u00edt\u00f3, ref. lelk\u00e9sz. \u2013 Nagyenyeden subscrib\u00e1lt (1674). Felvincen \u00e9s Cs\u00e1v\u00e1son tan\u00edtott, rektor volt (1677\u201381). Mez\u0151bodonban (1681), K\u00fck\u00fcll\u0151sz\u00e9plakon (1683\u201385), Gog\u00e1nban (1689), Ebesfalv\u00e1n (1692), Harangl\u00e1bon (1697), K\u00fck\u00fcll\u0151alm\u00e1son (1698) \u00e9s Kerel\u0151szentp\u00e1lon (1701-03) volt lelk\u00e9sz. Irod.: K\u00fck\u00fcll\u0151i Ref. Egyh\u00e1zm. 1., 2., 3., 4.<\/p>\n","protected":false},"featured_media":0,"comment_status":"open","ping_status":"closed","template":"","meta":[],"product_brand":[],"product_cat":[137],"product_tag":[],"class_list":{"0":"post-8581","1":"product","2":"type-product","3":"status-publish","5":"product_cat-maros-megyei-eletrajzi-lexikon","7":"first","8":"instock","9":"shipping-taxable","10":"product-type-simple"},"_links":{"self":[{"href":"https:\/\/uj.adatbank.ro\/lexikon\/wp-json\/wp\/v2\/product\/8581","targetHints":{"allow":["GET"]}}],"collection":[{"href":"https:\/\/uj.adatbank.ro\/lexikon\/wp-json\/wp\/v2\/product"}],"about":[{"href":"https:\/\/uj.adatbank.ro\/lexikon\/wp-json\/wp\/v2\/types\/product"}],"replies":[{"embeddable":true,"href":"https:\/\/uj.adatbank.ro\/lexikon\/wp-json\/wp\/v2\/comments?post=8581"}],"wp:attachment":[{"href":"https:\/\/uj.adatbank.ro\/lexikon\/wp-json\/wp\/v2\/media?parent=8581"}],"wp:term":[{"taxonomy":"product_brand","embeddable":true,"href":"https:\/\/uj.adatbank.ro\/lexikon\/wp-json\/wp\/v2\/product_brand?post=8581"},{"taxonomy":"product_cat","embeddable":true,"href":"https:\/\/uj.adatbank.ro\/lexikon\/wp-json\/wp\/v2\/product_cat?post=8581"},{"taxonomy":"product_tag","embeddable":true,"href":"https:\/\/uj.adatbank.ro\/lexikon\/wp-json\/wp\/v2\/product_tag?post=8581"}],"curies":[{"name":"wp","href":"https:\/\/api.w.org\/{rel}","templated":true}]}}