{"id":8583,"date":"2025-06-29T10:30:54","date_gmt":"2025-06-29T08:30:54","guid":{"rendered":"https:\/\/uj.adatbank.ro\/lexikon\/termek\/galfalvi-pal-hazeri-es-galfalvi\/"},"modified":"2025-06-29T10:30:54","modified_gmt":"2025-06-29T08:30:54","slug":"galfalvi-pal-hazeri-es-galfalvi","status":"publish","type":"product","link":"https:\/\/uj.adatbank.ro\/lexikon\/termek\/galfalvi-pal-hazeri-es-galfalvi\/","title":{"rendered":"G\u00c1LFALVI P\u00e1l, haz\u00e9ri \u00e9s g\u00e1lfalvi"},"content":{"rendered":"<p>? \u2020 ? : tan\u00edt\u00f3, honv\u00e9d. \u2013 Feles\u00e9ge: Firtos R\u00f3za. Fi\u00fak: J\u00e1nos, unit. lek\u00e9sz. \u2013 Bem hadsereg\u00e9ben husz\u00e1rtiszt volt (1848). <br \/><strong>Irod.:<\/strong> Sz\u00e1molok a kisz\u00e1m\u00edthatalans\u00e1ggal \/ Ferenczes Istv\u00e1n besz\u00e9lget\u00e9se G\u00e1lfalvi Gy\u00f6rggyel (Sz\u00e9kelyf\u00f6ld, 4. sz., 2012).<\/br><\/p>\n","protected":false},"excerpt":{"rendered":"<p>? \u2020 ? : tan\u00edt\u00f3, honv\u00e9d. \u2013 Feles\u00e9ge: Firtos R\u00f3za. Fi\u00fak: J\u00e1nos, unit. lek\u00e9sz. \u2013 Bem hadsereg\u00e9ben husz\u00e1rtiszt volt (1848). Irod.: Sz\u00e1molok a kisz\u00e1m\u00edthatalans\u00e1ggal \/ Ferenczes Istv\u00e1n besz\u00e9lget\u00e9se G\u00e1lfalvi Gy\u00f6rggyel (Sz\u00e9kelyf\u00f6ld, 4. sz., 2012).<\/p>\n","protected":false},"featured_media":0,"comment_status":"open","ping_status":"closed","template":"","meta":[],"product_brand":[],"product_cat":[137],"product_tag":[],"class_list":{"0":"post-8583","1":"product","2":"type-product","3":"status-publish","5":"product_cat-maros-megyei-eletrajzi-lexikon","7":"first","8":"instock","9":"shipping-taxable","10":"product-type-simple"},"_links":{"self":[{"href":"https:\/\/uj.adatbank.ro\/lexikon\/wp-json\/wp\/v2\/product\/8583","targetHints":{"allow":["GET"]}}],"collection":[{"href":"https:\/\/uj.adatbank.ro\/lexikon\/wp-json\/wp\/v2\/product"}],"about":[{"href":"https:\/\/uj.adatbank.ro\/lexikon\/wp-json\/wp\/v2\/types\/product"}],"replies":[{"embeddable":true,"href":"https:\/\/uj.adatbank.ro\/lexikon\/wp-json\/wp\/v2\/comments?post=8583"}],"wp:attachment":[{"href":"https:\/\/uj.adatbank.ro\/lexikon\/wp-json\/wp\/v2\/media?parent=8583"}],"wp:term":[{"taxonomy":"product_brand","embeddable":true,"href":"https:\/\/uj.adatbank.ro\/lexikon\/wp-json\/wp\/v2\/product_brand?post=8583"},{"taxonomy":"product_cat","embeddable":true,"href":"https:\/\/uj.adatbank.ro\/lexikon\/wp-json\/wp\/v2\/product_cat?post=8583"},{"taxonomy":"product_tag","embeddable":true,"href":"https:\/\/uj.adatbank.ro\/lexikon\/wp-json\/wp\/v2\/product_tag?post=8583"}],"curies":[{"name":"wp","href":"https:\/\/api.w.org\/{rel}","templated":true}]}}