{"id":8585,"date":"2025-06-29T10:30:57","date_gmt":"2025-06-29T08:30:57","guid":{"rendered":"https:\/\/uj.adatbank.ro\/lexikon\/termek\/galfalvi-zoltan\/"},"modified":"2025-06-29T10:30:57","modified_gmt":"2025-06-29T08:30:57","slug":"galfalvi-zoltan","status":"publish","type":"product","link":"https:\/\/uj.adatbank.ro\/lexikon\/termek\/galfalvi-zoltan\/","title":{"rendered":"G\u00c1LFALVI Zolt\u00e1n"},"content":{"rendered":"<p>1908, \u2020 ? : Mez\u0151b\u00e1nd, 1987. \u00e1pr. 7. : orvos. \u2013 A mv.-i TBC klinika orvosa. <br \/><strong>Irod.:<\/strong> [Nekrol\u00f3g] (V. Z., 1987. \u00e1pr..)<\/br><\/p>\n","protected":false},"excerpt":{"rendered":"<p>1908, \u2020 ? : Mez\u0151b\u00e1nd, 1987. \u00e1pr. 7. : orvos. \u2013 A mv.-i TBC klinika orvosa. Irod.: [Nekrol\u00f3g] (V. Z., 1987. \u00e1pr..)<\/p>\n","protected":false},"featured_media":0,"comment_status":"open","ping_status":"closed","template":"","meta":[],"product_brand":[],"product_cat":[137],"product_tag":[],"class_list":{"0":"post-8585","1":"product","2":"type-product","3":"status-publish","5":"product_cat-maros-megyei-eletrajzi-lexikon","7":"first","8":"instock","9":"shipping-taxable","10":"product-type-simple"},"_links":{"self":[{"href":"https:\/\/uj.adatbank.ro\/lexikon\/wp-json\/wp\/v2\/product\/8585","targetHints":{"allow":["GET"]}}],"collection":[{"href":"https:\/\/uj.adatbank.ro\/lexikon\/wp-json\/wp\/v2\/product"}],"about":[{"href":"https:\/\/uj.adatbank.ro\/lexikon\/wp-json\/wp\/v2\/types\/product"}],"replies":[{"embeddable":true,"href":"https:\/\/uj.adatbank.ro\/lexikon\/wp-json\/wp\/v2\/comments?post=8585"}],"wp:attachment":[{"href":"https:\/\/uj.adatbank.ro\/lexikon\/wp-json\/wp\/v2\/media?parent=8585"}],"wp:term":[{"taxonomy":"product_brand","embeddable":true,"href":"https:\/\/uj.adatbank.ro\/lexikon\/wp-json\/wp\/v2\/product_brand?post=8585"},{"taxonomy":"product_cat","embeddable":true,"href":"https:\/\/uj.adatbank.ro\/lexikon\/wp-json\/wp\/v2\/product_cat?post=8585"},{"taxonomy":"product_tag","embeddable":true,"href":"https:\/\/uj.adatbank.ro\/lexikon\/wp-json\/wp\/v2\/product_tag?post=8585"}],"curies":[{"name":"wp","href":"https:\/\/api.w.org\/{rel}","templated":true}]}}