{"id":8586,"date":"2025-06-29T10:30:59","date_gmt":"2025-06-29T08:30:59","guid":{"rendered":"https:\/\/uj.adatbank.ro\/lexikon\/termek\/galfalvi-zoltan-2\/"},"modified":"2025-06-29T10:30:59","modified_gmt":"2025-06-29T08:30:59","slug":"galfalvi-zoltan-2","status":"publish","type":"product","link":"https:\/\/uj.adatbank.ro\/lexikon\/termek\/galfalvi-zoltan-2\/","title":{"rendered":"G\u00c1LFALVI Zolt\u00e1n"},"content":{"rendered":"<p>1944.?, \u2020 Erd\u0151szentgy\u00f6rgy, 1996. aug. 23.: polg\u00e1rmester. \u2013 Erd\u0151szentgy\u00f6rgy k\u00f6zs\u00e9g polg\u00e1rmestere. <br \/><strong>Irod.:<\/strong> [Nekrol\u00f3g] (N\u00fa., 1996. aug. 24.)<\/br><\/p>\n","protected":false},"excerpt":{"rendered":"<p>1944.?, \u2020 Erd\u0151szentgy\u00f6rgy, 1996. aug. 23.: polg\u00e1rmester. \u2013 Erd\u0151szentgy\u00f6rgy k\u00f6zs\u00e9g polg\u00e1rmestere. Irod.: [Nekrol\u00f3g] (N\u00fa., 1996. aug. 24.)<\/p>\n","protected":false},"featured_media":0,"comment_status":"open","ping_status":"closed","template":"","meta":[],"product_brand":[],"product_cat":[137],"product_tag":[],"class_list":{"0":"post-8586","1":"product","2":"type-product","3":"status-publish","5":"product_cat-maros-megyei-eletrajzi-lexikon","7":"first","8":"instock","9":"shipping-taxable","10":"product-type-simple"},"_links":{"self":[{"href":"https:\/\/uj.adatbank.ro\/lexikon\/wp-json\/wp\/v2\/product\/8586","targetHints":{"allow":["GET"]}}],"collection":[{"href":"https:\/\/uj.adatbank.ro\/lexikon\/wp-json\/wp\/v2\/product"}],"about":[{"href":"https:\/\/uj.adatbank.ro\/lexikon\/wp-json\/wp\/v2\/types\/product"}],"replies":[{"embeddable":true,"href":"https:\/\/uj.adatbank.ro\/lexikon\/wp-json\/wp\/v2\/comments?post=8586"}],"wp:attachment":[{"href":"https:\/\/uj.adatbank.ro\/lexikon\/wp-json\/wp\/v2\/media?parent=8586"}],"wp:term":[{"taxonomy":"product_brand","embeddable":true,"href":"https:\/\/uj.adatbank.ro\/lexikon\/wp-json\/wp\/v2\/product_brand?post=8586"},{"taxonomy":"product_cat","embeddable":true,"href":"https:\/\/uj.adatbank.ro\/lexikon\/wp-json\/wp\/v2\/product_cat?post=8586"},{"taxonomy":"product_tag","embeddable":true,"href":"https:\/\/uj.adatbank.ro\/lexikon\/wp-json\/wp\/v2\/product_tag?post=8586"}],"curies":[{"name":"wp","href":"https:\/\/api.w.org\/{rel}","templated":true}]}}