{"id":8589,"date":"2025-06-29T10:31:03","date_gmt":"2025-06-29T08:31:03","guid":{"rendered":"https:\/\/uj.adatbank.ro\/lexikon\/termek\/galfalvy-eva\/"},"modified":"2025-06-29T10:31:03","modified_gmt":"2025-06-29T08:31:03","slug":"galfalvy-eva","status":"publish","type":"product","link":"https:\/\/uj.adatbank.ro\/lexikon\/termek\/galfalvy-eva\/","title":{"rendered":"G\u00c1LFALVY \u00c9va"},"content":{"rendered":"<p>Mv., 1964., \u2020\u00a0Bp., 2010. nov. 20.: nyelv\u00e9sz, egyetemi tan\u00e1r. \u2013 G. Zsolt \u00e9s Szab\u00f3 Emilia le\u00e1nya. \u2013 A Zrinyi Mikl\u00f3s Nemzetv\u00e9delmi Egyetem Nyelvi Int\u00e9zete igazgat\u00f3ja. <br \/><strong>Irod.:<\/strong> [Nekrol\u00f3g] (N\u00fa., 2010. dec. 10.)<\/br><\/p>\n","protected":false},"excerpt":{"rendered":"<p>Mv., 1964., \u2020\u00a0Bp., 2010. nov. 20.: nyelv\u00e9sz, egyetemi tan\u00e1r. \u2013 G. Zsolt \u00e9s Szab\u00f3 Emilia le\u00e1nya. \u2013 A Zrinyi Mikl\u00f3s Nemzetv\u00e9delmi Egyetem Nyelvi Int\u00e9zete igazgat\u00f3ja. Irod.: [Nekrol\u00f3g] (N\u00fa., 2010. dec. 10.)<\/p>\n","protected":false},"featured_media":0,"comment_status":"open","ping_status":"closed","template":"","meta":[],"product_brand":[],"product_cat":[137],"product_tag":[],"class_list":{"0":"post-8589","1":"product","2":"type-product","3":"status-publish","5":"product_cat-maros-megyei-eletrajzi-lexikon","7":"first","8":"instock","9":"shipping-taxable","10":"product-type-simple"},"_links":{"self":[{"href":"https:\/\/uj.adatbank.ro\/lexikon\/wp-json\/wp\/v2\/product\/8589","targetHints":{"allow":["GET"]}}],"collection":[{"href":"https:\/\/uj.adatbank.ro\/lexikon\/wp-json\/wp\/v2\/product"}],"about":[{"href":"https:\/\/uj.adatbank.ro\/lexikon\/wp-json\/wp\/v2\/types\/product"}],"replies":[{"embeddable":true,"href":"https:\/\/uj.adatbank.ro\/lexikon\/wp-json\/wp\/v2\/comments?post=8589"}],"wp:attachment":[{"href":"https:\/\/uj.adatbank.ro\/lexikon\/wp-json\/wp\/v2\/media?parent=8589"}],"wp:term":[{"taxonomy":"product_brand","embeddable":true,"href":"https:\/\/uj.adatbank.ro\/lexikon\/wp-json\/wp\/v2\/product_brand?post=8589"},{"taxonomy":"product_cat","embeddable":true,"href":"https:\/\/uj.adatbank.ro\/lexikon\/wp-json\/wp\/v2\/product_cat?post=8589"},{"taxonomy":"product_tag","embeddable":true,"href":"https:\/\/uj.adatbank.ro\/lexikon\/wp-json\/wp\/v2\/product_tag?post=8589"}],"curies":[{"name":"wp","href":"https:\/\/api.w.org\/{rel}","templated":true}]}}