{"id":8590,"date":"2025-06-29T10:31:04","date_gmt":"2025-06-29T08:31:04","guid":{"rendered":"https:\/\/uj.adatbank.ro\/lexikon\/termek\/galfalvy-gyorgy-%c2%a7\/"},"modified":"2025-06-29T10:31:04","modified_gmt":"2025-06-29T08:31:04","slug":"galfalvy-gyorgy-%c2%a7","status":"publish","type":"product","link":"https:\/\/uj.adatbank.ro\/lexikon\/termek\/galfalvy-gyorgy-%c2%a7\/","title":{"rendered":"G\u00c1LFALVY Gy\u00f6rgy, \u00a7"},"content":{"rendered":"<p>Gagy, 1900. \u00e1pr. 25., \u2020\u00a0Mv., 1976. febr. 11.: \u00fcgyv\u00e9d. \u2013 Feles\u00e9ge: Bodolla B\u00edr\u00f3 Margit (1906.? \u2013 Mv., 1997. j\u00fan. 11.). Gyermekeik: Zsolt, Judit, Gy\u00f6rgy. Mv.-en a Bodolla h\u00e1zban laktak. \u2013 K\u00f6z\u00e9piskolai tanulm\u00e1nyait a sz\u00e9kelykereszt\u00fari unit. gimn.-ban v\u00e9gezte, a jogi diplom\u00e1t a szegedi egyetemen szerezte meg, a jogtudom\u00e1nyok doktora. Katon\u00e1nak vonult (1918. m\u00e1rc. 15. \u2013), kik\u00e9pz\u00e9st kapott \u00e9s tisztiiskol\u00e1t v\u00e9gzett; a sz\u00e9kely hadoszt\u00e1lyban szolg\u00e1lt (1919. jan.), majd rom\u00e1n fogs\u00e1gba esett (1919. \u00e1pr. -j\u00fan.). Mv.-en Dr. Hajdu Istv\u00e1n \u00e9s Dr. Fekete Gyula \u00fcgyv\u00e9dek irod\u00e1iban \u00fcgyv\u00e9djel\u00f6lt volt, majd \u00fcgyv\u00e9d dr. \u00e9s saj\u00e1t \u00fcgyv\u00e9di irod\u00e1t nyitott (1928. j\u00fan. 8. \u2013). Tiszti f\u0151\u00fcgy\u00e9sz (1942). A II. vh.-ban tart. z\u00e1szl\u00f3si (1943. m\u00e1j. 1.), majd hadnagyi rendfokozatot kapott (1944. j\u00fal. 1.). Mv. ki\u00fcr\u00edt\u00e9sekor P\u00e1p\u00e1ra ker\u00fclt, ahol leszerelt\u00e9k (1944. nov.). N\u00e9meto.-ban amerikai l\u00e1gerbe ker\u00fclt (1945). Onnan visszat\u00e9rt Mv. -re (1946). A Kisiparban dolgozott mint ellen\u0151rz\u0151 k\u00f6nyvel\u0151, majd jogtan\u00e1csos (1960\u2013). Sportolt a KEAC ifj\u00fas\u00e1gi csapat\u00e1ban (1917\u2013) mint labdar\u00fag\u00f3, gerelyvet\u0151. A MSE tagja (1921\u2013), k\u00e9s\u0151bb egyes\u00fclete v\u00e1lasztm\u00e1nyi tagja, majd jogtan\u00e1csosa lett. A Mv.-i Kaszin\u00f3 vezet\u0151s\u00e9gi tagja, titk\u00e1ra (1932). <br \/><strong>Irod.:<\/strong> Berekm\u00e9ri; Bi\u00e1s Istv\u00e1n; Bodolai Gy\u00f6ngyi: \u00cdgy kerek a t\u00f6rt\u00e9net: Bodolla Ferenc \u00e9s Bern\u00e1dy Gy\u00f6rgy (N\u00fa., 2011. m\u00e1rc. 3.); Erd\u00e9lyi ezredek; Id\u0151t\u00e1r 3; Id\u0151t\u00e1r 4; Kelemen; Pluh\u00e1r; Sz\u00e1molok a kisz\u00e1m\u00edthatalans\u00e1ggal \/ Ferenczes Istv\u00e1n besz\u00e9lget\u00e9se G\u00e1lfalvi Gy\u00f6rggyel (Sz\u00e9kelyf\u00f6ld, 4. sz., 2012); Visnai<\/br><\/p>\n","protected":false},"excerpt":{"rendered":"<p>Gagy, 1900. \u00e1pr. 25., \u2020\u00a0Mv., 1976. febr. 11.: \u00fcgyv\u00e9d. \u2013 Feles\u00e9ge: Bodolla B\u00edr\u00f3 Margit (1906.? \u2013 Mv., 1997. j\u00fan. 11.). Gyermekeik: Zsolt, Judit, Gy\u00f6rgy. Mv.-en a Bodolla h\u00e1zban laktak. \u2013 K\u00f6z\u00e9piskolai tanulm\u00e1nyait a sz\u00e9kelykereszt\u00fari unit. gimn.-ban v\u00e9gezte, a jogi diplom\u00e1t a szegedi egyetemen szerezte meg, a jogtudom\u00e1nyok doktora. Katon\u00e1nak vonult (1918. m\u00e1rc. 15. \u2013), kik\u00e9pz\u00e9st [&hellip;]<\/p>\n","protected":false},"featured_media":0,"comment_status":"open","ping_status":"closed","template":"","meta":[],"product_brand":[],"product_cat":[137],"product_tag":[],"class_list":{"0":"post-8590","1":"product","2":"type-product","3":"status-publish","5":"product_cat-maros-megyei-eletrajzi-lexikon","7":"first","8":"instock","9":"shipping-taxable","10":"product-type-simple"},"_links":{"self":[{"href":"https:\/\/uj.adatbank.ro\/lexikon\/wp-json\/wp\/v2\/product\/8590","targetHints":{"allow":["GET"]}}],"collection":[{"href":"https:\/\/uj.adatbank.ro\/lexikon\/wp-json\/wp\/v2\/product"}],"about":[{"href":"https:\/\/uj.adatbank.ro\/lexikon\/wp-json\/wp\/v2\/types\/product"}],"replies":[{"embeddable":true,"href":"https:\/\/uj.adatbank.ro\/lexikon\/wp-json\/wp\/v2\/comments?post=8590"}],"wp:attachment":[{"href":"https:\/\/uj.adatbank.ro\/lexikon\/wp-json\/wp\/v2\/media?parent=8590"}],"wp:term":[{"taxonomy":"product_brand","embeddable":true,"href":"https:\/\/uj.adatbank.ro\/lexikon\/wp-json\/wp\/v2\/product_brand?post=8590"},{"taxonomy":"product_cat","embeddable":true,"href":"https:\/\/uj.adatbank.ro\/lexikon\/wp-json\/wp\/v2\/product_cat?post=8590"},{"taxonomy":"product_tag","embeddable":true,"href":"https:\/\/uj.adatbank.ro\/lexikon\/wp-json\/wp\/v2\/product_tag?post=8590"}],"curies":[{"name":"wp","href":"https:\/\/api.w.org\/{rel}","templated":true}]}}