{"id":8594,"date":"2025-06-29T10:31:13","date_gmt":"2025-06-29T08:31:13","guid":{"rendered":"https:\/\/uj.adatbank.ro\/lexikon\/termek\/galffi-roza-torok-janosne-galffy-rozalia\/"},"modified":"2025-06-29T10:31:13","modified_gmt":"2025-06-29T08:31:13","slug":"galffi-roza-torok-janosne-galffy-rozalia","status":"publish","type":"product","link":"https:\/\/uj.adatbank.ro\/lexikon\/termek\/galffi-roza-torok-janosne-galffy-rozalia\/","title":{"rendered":"G\u00c1LFFI R\u00f3za, T\u00f6r\u00f6k J\u00e1nosn\u00e9, G\u00e1lffy Roz\u00e1lia"},"content":{"rendered":"<p>Firtosmartonos, 1818. aug. 12., \u2020 ?: T\u00f6r\u00f6k J\u00e1nos mv.-i Ref. Koll.-i tan\u00e1r feles\u00e9ge (1838. j\u00fal. 23.). F\u00e9rj\u00e9t a Makk-f\u00e9le \u00f6szeesk\u00fcv\u00e9sben val\u00f3 r\u00e9szv\u00e9tele miatt felakasztott\u00e1k (1854. m\u00e1rc. 10.), \u0151t letart\u00f3ztatt\u00e1k (1853. febr. 26), Nagyszebenben, Gyulafeh\u00e9rv\u00e1ron, Olm\u00fctzben tartott\u00e1k fogva, s n\u00e9gy \u00e9v fogs\u00e1g ut\u00e1n onnan szabadult (1857. m\u00e1j. 8.). <br \/><strong>Irod.:<\/strong> Erd\u00e9lyi unit. 1848\u201349<\/br><\/p>\n","protected":false},"excerpt":{"rendered":"<p>Firtosmartonos, 1818. aug. 12., \u2020 ?: T\u00f6r\u00f6k J\u00e1nos mv.-i Ref. Koll.-i tan\u00e1r feles\u00e9ge (1838. j\u00fal. 23.). F\u00e9rj\u00e9t a Makk-f\u00e9le \u00f6szeesk\u00fcv\u00e9sben val\u00f3 r\u00e9szv\u00e9tele miatt felakasztott\u00e1k (1854. m\u00e1rc. 10.), \u0151t letart\u00f3ztatt\u00e1k (1853. febr. 26), Nagyszebenben, Gyulafeh\u00e9rv\u00e1ron, Olm\u00fctzben tartott\u00e1k fogva, s n\u00e9gy \u00e9v fogs\u00e1g ut\u00e1n onnan szabadult (1857. m\u00e1j. 8.). Irod.: Erd\u00e9lyi unit. 1848\u201349<\/p>\n","protected":false},"featured_media":0,"comment_status":"open","ping_status":"closed","template":"","meta":[],"product_brand":[],"product_cat":[137],"product_tag":[],"class_list":{"0":"post-8594","1":"product","2":"type-product","3":"status-publish","5":"product_cat-maros-megyei-eletrajzi-lexikon","7":"first","8":"instock","9":"shipping-taxable","10":"product-type-simple"},"_links":{"self":[{"href":"https:\/\/uj.adatbank.ro\/lexikon\/wp-json\/wp\/v2\/product\/8594","targetHints":{"allow":["GET"]}}],"collection":[{"href":"https:\/\/uj.adatbank.ro\/lexikon\/wp-json\/wp\/v2\/product"}],"about":[{"href":"https:\/\/uj.adatbank.ro\/lexikon\/wp-json\/wp\/v2\/types\/product"}],"replies":[{"embeddable":true,"href":"https:\/\/uj.adatbank.ro\/lexikon\/wp-json\/wp\/v2\/comments?post=8594"}],"wp:attachment":[{"href":"https:\/\/uj.adatbank.ro\/lexikon\/wp-json\/wp\/v2\/media?parent=8594"}],"wp:term":[{"taxonomy":"product_brand","embeddable":true,"href":"https:\/\/uj.adatbank.ro\/lexikon\/wp-json\/wp\/v2\/product_brand?post=8594"},{"taxonomy":"product_cat","embeddable":true,"href":"https:\/\/uj.adatbank.ro\/lexikon\/wp-json\/wp\/v2\/product_cat?post=8594"},{"taxonomy":"product_tag","embeddable":true,"href":"https:\/\/uj.adatbank.ro\/lexikon\/wp-json\/wp\/v2\/product_tag?post=8594"}],"curies":[{"name":"wp","href":"https:\/\/api.w.org\/{rel}","templated":true}]}}