{"id":8595,"date":"2025-06-29T10:31:15","date_gmt":"2025-06-29T08:31:15","guid":{"rendered":"https:\/\/uj.adatbank.ro\/lexikon\/termek\/galffy-balazs\/"},"modified":"2025-06-29T10:31:15","modified_gmt":"2025-06-29T08:31:15","slug":"galffy-balazs","status":"publish","type":"product","link":"https:\/\/uj.adatbank.ro\/lexikon\/termek\/galffy-balazs\/","title":{"rendered":"G\u00c1LFFY Bal\u00e1zs"},"content":{"rendered":"<p>? \u2020 ? : tan\u00e1r. \u2013 A mv.-i Ref. Koll.-ban \u00e9s ut\u00f3diskol\u00e1iban (Rangheti, Bolyai Farkas L\u00edc.) tan\u00edtott. <br \/><strong>Irod.:<\/strong> Sk\u00f3la<\/br><\/p>\n","protected":false},"excerpt":{"rendered":"<p>? \u2020 ? : tan\u00e1r. \u2013 A mv.-i Ref. Koll.-ban \u00e9s ut\u00f3diskol\u00e1iban (Rangheti, Bolyai Farkas L\u00edc.) tan\u00edtott. Irod.: Sk\u00f3la<\/p>\n","protected":false},"featured_media":0,"comment_status":"open","ping_status":"closed","template":"","meta":[],"product_brand":[],"product_cat":[137],"product_tag":[],"class_list":{"0":"post-8595","1":"product","2":"type-product","3":"status-publish","5":"product_cat-maros-megyei-eletrajzi-lexikon","7":"first","8":"instock","9":"shipping-taxable","10":"product-type-simple"},"_links":{"self":[{"href":"https:\/\/uj.adatbank.ro\/lexikon\/wp-json\/wp\/v2\/product\/8595","targetHints":{"allow":["GET"]}}],"collection":[{"href":"https:\/\/uj.adatbank.ro\/lexikon\/wp-json\/wp\/v2\/product"}],"about":[{"href":"https:\/\/uj.adatbank.ro\/lexikon\/wp-json\/wp\/v2\/types\/product"}],"replies":[{"embeddable":true,"href":"https:\/\/uj.adatbank.ro\/lexikon\/wp-json\/wp\/v2\/comments?post=8595"}],"wp:attachment":[{"href":"https:\/\/uj.adatbank.ro\/lexikon\/wp-json\/wp\/v2\/media?parent=8595"}],"wp:term":[{"taxonomy":"product_brand","embeddable":true,"href":"https:\/\/uj.adatbank.ro\/lexikon\/wp-json\/wp\/v2\/product_brand?post=8595"},{"taxonomy":"product_cat","embeddable":true,"href":"https:\/\/uj.adatbank.ro\/lexikon\/wp-json\/wp\/v2\/product_cat?post=8595"},{"taxonomy":"product_tag","embeddable":true,"href":"https:\/\/uj.adatbank.ro\/lexikon\/wp-json\/wp\/v2\/product_tag?post=8595"}],"curies":[{"name":"wp","href":"https:\/\/api.w.org\/{rel}","templated":true}]}}