{"id":8603,"date":"2025-06-29T10:31:28","date_gmt":"2025-06-29T08:31:28","guid":{"rendered":"https:\/\/uj.adatbank.ro\/lexikon\/termek\/galfi-ferenc\/"},"modified":"2025-06-29T10:31:28","modified_gmt":"2025-06-29T08:31:28","slug":"galfi-ferenc","status":"publish","type":"product","link":"https:\/\/uj.adatbank.ro\/lexikon\/termek\/galfi-ferenc\/","title":{"rendered":"G\u00c1LFI Ferenc"},"content":{"rendered":"<p>Csitszentiv\u00e1n, 1920. okt. 12. \u2020\u00a0Ol\u00e1hkocs\u00e1rd, 1944. szept., 9.: szakaszvezet\u0151. \u2013 Tov\u00e1bbszolg\u00e1l\u00f3 szakaszvezet\u0151. A d\u00e9l-erd\u00e9lyi harcokban esett el a 27\/III. gyalog t\u00e1bori p\u00f3tz\u00e1szl\u00f3alj katon\u00e1jak\u00e9nt. <br \/><strong>Irod.:<\/strong> Berekm\u00e9ri 2015<\/br><\/p>\n","protected":false},"excerpt":{"rendered":"<p>Csitszentiv\u00e1n, 1920. okt. 12. \u2020\u00a0Ol\u00e1hkocs\u00e1rd, 1944. szept., 9.: szakaszvezet\u0151. \u2013 Tov\u00e1bbszolg\u00e1l\u00f3 szakaszvezet\u0151. A d\u00e9l-erd\u00e9lyi harcokban esett el a 27\/III. gyalog t\u00e1bori p\u00f3tz\u00e1szl\u00f3alj katon\u00e1jak\u00e9nt. Irod.: Berekm\u00e9ri 2015<\/p>\n","protected":false},"featured_media":0,"comment_status":"open","ping_status":"closed","template":"","meta":[],"product_brand":[],"product_cat":[137],"product_tag":[],"class_list":{"0":"post-8603","1":"product","2":"type-product","3":"status-publish","5":"product_cat-maros-megyei-eletrajzi-lexikon","7":"first","8":"instock","9":"shipping-taxable","10":"product-type-simple"},"_links":{"self":[{"href":"https:\/\/uj.adatbank.ro\/lexikon\/wp-json\/wp\/v2\/product\/8603","targetHints":{"allow":["GET"]}}],"collection":[{"href":"https:\/\/uj.adatbank.ro\/lexikon\/wp-json\/wp\/v2\/product"}],"about":[{"href":"https:\/\/uj.adatbank.ro\/lexikon\/wp-json\/wp\/v2\/types\/product"}],"replies":[{"embeddable":true,"href":"https:\/\/uj.adatbank.ro\/lexikon\/wp-json\/wp\/v2\/comments?post=8603"}],"wp:attachment":[{"href":"https:\/\/uj.adatbank.ro\/lexikon\/wp-json\/wp\/v2\/media?parent=8603"}],"wp:term":[{"taxonomy":"product_brand","embeddable":true,"href":"https:\/\/uj.adatbank.ro\/lexikon\/wp-json\/wp\/v2\/product_brand?post=8603"},{"taxonomy":"product_cat","embeddable":true,"href":"https:\/\/uj.adatbank.ro\/lexikon\/wp-json\/wp\/v2\/product_cat?post=8603"},{"taxonomy":"product_tag","embeddable":true,"href":"https:\/\/uj.adatbank.ro\/lexikon\/wp-json\/wp\/v2\/product_tag?post=8603"}],"curies":[{"name":"wp","href":"https:\/\/api.w.org\/{rel}","templated":true}]}}