{"id":8604,"date":"2025-06-29T10:31:30","date_gmt":"2025-06-29T08:31:30","guid":{"rendered":"https:\/\/uj.adatbank.ro\/lexikon\/termek\/galfi-ferenc-mogyorosi\/"},"modified":"2025-06-29T10:31:30","modified_gmt":"2025-06-29T08:31:30","slug":"galfi-ferenc-mogyorosi","status":"publish","type":"product","link":"https:\/\/uj.adatbank.ro\/lexikon\/termek\/galfi-ferenc-mogyorosi\/","title":{"rendered":"G\u00c1LFI Ferenc, mogyor\u00f3si"},"content":{"rendered":"<p>? \u2020\u00a0?\u00a0: pixidarius. \u2013 Pixidariusi levelet (gyalogoss\u00e1g) B\u00e1thory G\u00e1bort\u00f3l (1608. j\u00fan. 10.) kapott. <br \/><strong>Irod.:<\/strong> Kempelen; P\u00e1lmay<\/br><\/p>\n","protected":false},"excerpt":{"rendered":"<p>? \u2020\u00a0?\u00a0: pixidarius. \u2013 Pixidariusi levelet (gyalogoss\u00e1g) B\u00e1thory G\u00e1bort\u00f3l (1608. j\u00fan. 10.) kapott. Irod.: Kempelen; P\u00e1lmay<\/p>\n","protected":false},"featured_media":0,"comment_status":"open","ping_status":"closed","template":"","meta":[],"product_brand":[],"product_cat":[137],"product_tag":[],"class_list":{"0":"post-8604","1":"product","2":"type-product","3":"status-publish","5":"product_cat-maros-megyei-eletrajzi-lexikon","7":"first","8":"instock","9":"shipping-taxable","10":"product-type-simple"},"_links":{"self":[{"href":"https:\/\/uj.adatbank.ro\/lexikon\/wp-json\/wp\/v2\/product\/8604","targetHints":{"allow":["GET"]}}],"collection":[{"href":"https:\/\/uj.adatbank.ro\/lexikon\/wp-json\/wp\/v2\/product"}],"about":[{"href":"https:\/\/uj.adatbank.ro\/lexikon\/wp-json\/wp\/v2\/types\/product"}],"replies":[{"embeddable":true,"href":"https:\/\/uj.adatbank.ro\/lexikon\/wp-json\/wp\/v2\/comments?post=8604"}],"wp:attachment":[{"href":"https:\/\/uj.adatbank.ro\/lexikon\/wp-json\/wp\/v2\/media?parent=8604"}],"wp:term":[{"taxonomy":"product_brand","embeddable":true,"href":"https:\/\/uj.adatbank.ro\/lexikon\/wp-json\/wp\/v2\/product_brand?post=8604"},{"taxonomy":"product_cat","embeddable":true,"href":"https:\/\/uj.adatbank.ro\/lexikon\/wp-json\/wp\/v2\/product_cat?post=8604"},{"taxonomy":"product_tag","embeddable":true,"href":"https:\/\/uj.adatbank.ro\/lexikon\/wp-json\/wp\/v2\/product_tag?post=8604"}],"curies":[{"name":"wp","href":"https:\/\/api.w.org\/{rel}","templated":true}]}}