{"id":8607,"date":"2025-06-29T10:31:37","date_gmt":"2025-06-29T08:31:37","guid":{"rendered":"https:\/\/uj.adatbank.ro\/lexikon\/termek\/galfi-marton-csitszentivani\/"},"modified":"2025-06-29T10:31:37","modified_gmt":"2025-06-29T08:31:37","slug":"galfi-marton-csitszentivani","status":"publish","type":"product","link":"https:\/\/uj.adatbank.ro\/lexikon\/termek\/galfi-marton-csitszentivani\/","title":{"rendered":"G\u00c1LFI M\u00e1rton, csitszentiv\u00e1ni"},"content":{"rendered":"<p>? \u2020\u00a0? : l a csal\u00e1db\u00f3l \u0151 lustr\u00e1lt (1614), G. Bal\u00e1zs \u00e9s Gy\u00f6rgy \u00e9s G. Istv\u00e1n \u00e9s Bal\u00e1zs primipil\u00e1ris levelet kaptak (1614); L\u00f3f\u0151s\u00e9get II. R\u00e1k\u00f3czi Gy\u00f6rgyt\u0151l (1655. jun. 28.) G. Bal\u00e1zs \u00e9s Gy\u00f6rgy nyertek. <br \/><strong>Irod.:<\/strong> Kempelen; P\u00e1lmay<\/br><\/p>\n","protected":false},"excerpt":{"rendered":"<p>? \u2020\u00a0? : l a csal\u00e1db\u00f3l \u0151 lustr\u00e1lt (1614), G. Bal\u00e1zs \u00e9s Gy\u00f6rgy \u00e9s G. Istv\u00e1n \u00e9s Bal\u00e1zs primipil\u00e1ris levelet kaptak (1614); L\u00f3f\u0151s\u00e9get II. R\u00e1k\u00f3czi Gy\u00f6rgyt\u0151l (1655. jun. 28.) G. Bal\u00e1zs \u00e9s Gy\u00f6rgy nyertek. Irod.: Kempelen; P\u00e1lmay<\/p>\n","protected":false},"featured_media":0,"comment_status":"open","ping_status":"closed","template":"","meta":[],"product_brand":[],"product_cat":[137],"product_tag":[],"class_list":{"0":"post-8607","1":"product","2":"type-product","3":"status-publish","5":"product_cat-maros-megyei-eletrajzi-lexikon","7":"first","8":"instock","9":"shipping-taxable","10":"product-type-simple"},"_links":{"self":[{"href":"https:\/\/uj.adatbank.ro\/lexikon\/wp-json\/wp\/v2\/product\/8607","targetHints":{"allow":["GET"]}}],"collection":[{"href":"https:\/\/uj.adatbank.ro\/lexikon\/wp-json\/wp\/v2\/product"}],"about":[{"href":"https:\/\/uj.adatbank.ro\/lexikon\/wp-json\/wp\/v2\/types\/product"}],"replies":[{"embeddable":true,"href":"https:\/\/uj.adatbank.ro\/lexikon\/wp-json\/wp\/v2\/comments?post=8607"}],"wp:attachment":[{"href":"https:\/\/uj.adatbank.ro\/lexikon\/wp-json\/wp\/v2\/media?parent=8607"}],"wp:term":[{"taxonomy":"product_brand","embeddable":true,"href":"https:\/\/uj.adatbank.ro\/lexikon\/wp-json\/wp\/v2\/product_brand?post=8607"},{"taxonomy":"product_cat","embeddable":true,"href":"https:\/\/uj.adatbank.ro\/lexikon\/wp-json\/wp\/v2\/product_cat?post=8607"},{"taxonomy":"product_tag","embeddable":true,"href":"https:\/\/uj.adatbank.ro\/lexikon\/wp-json\/wp\/v2\/product_tag?post=8607"}],"curies":[{"name":"wp","href":"https:\/\/api.w.org\/{rel}","templated":true}]}}