{"id":8609,"date":"2025-06-29T10:31:41","date_gmt":"2025-06-29T08:31:41","guid":{"rendered":"https:\/\/uj.adatbank.ro\/lexikon\/termek\/galfy-jozsef-%c2%a7\/"},"modified":"2025-06-29T10:31:41","modified_gmt":"2025-06-29T08:31:41","slug":"galfy-jozsef-%c2%a7","status":"publish","type":"product","link":"https:\/\/uj.adatbank.ro\/lexikon\/termek\/galfy-jozsef-%c2%a7\/","title":{"rendered":"G\u00c1LFY J\u00f3zsef, \u00a7"},"content":{"rendered":"<p>M\u00e9szk\u0151, 1929., \u2020 Mv., 1984. m\u00e1j. 2.: orvos. \u2013 Feles\u00e9ge: Szab\u00f3 Ilona (\u2020 Mv., 2009. j\u00fal. 11.), gy\u00f3gyszer\u00e9sz. L\u00e1nyaik: Zsuzsa \u00e9s R\u00e9ka. \u2013 Seb\u00e9sz f\u0151orvos dr. a mv.-i 1. sz. Seb\u00e9szeti Klinika oszt\u00e1lyvezet\u0151 helyettese. <br \/><strong>Irod.:<\/strong> [Nekrol\u00f3g] (V. Z., 1984. m\u00e1j. 3.)<\/br><\/p>\n","protected":false},"excerpt":{"rendered":"<p>M\u00e9szk\u0151, 1929., \u2020 Mv., 1984. m\u00e1j. 2.: orvos. \u2013 Feles\u00e9ge: Szab\u00f3 Ilona (\u2020 Mv., 2009. j\u00fal. 11.), gy\u00f3gyszer\u00e9sz. L\u00e1nyaik: Zsuzsa \u00e9s R\u00e9ka. \u2013 Seb\u00e9sz f\u0151orvos dr. a mv.-i 1. sz. Seb\u00e9szeti Klinika oszt\u00e1lyvezet\u0151 helyettese. Irod.: [Nekrol\u00f3g] (V. Z., 1984. m\u00e1j. 3.)<\/p>\n","protected":false},"featured_media":0,"comment_status":"open","ping_status":"closed","template":"","meta":[],"product_brand":[],"product_cat":[137],"product_tag":[],"class_list":{"0":"post-8609","1":"product","2":"type-product","3":"status-publish","5":"product_cat-maros-megyei-eletrajzi-lexikon","7":"first","8":"instock","9":"shipping-taxable","10":"product-type-simple"},"_links":{"self":[{"href":"https:\/\/uj.adatbank.ro\/lexikon\/wp-json\/wp\/v2\/product\/8609","targetHints":{"allow":["GET"]}}],"collection":[{"href":"https:\/\/uj.adatbank.ro\/lexikon\/wp-json\/wp\/v2\/product"}],"about":[{"href":"https:\/\/uj.adatbank.ro\/lexikon\/wp-json\/wp\/v2\/types\/product"}],"replies":[{"embeddable":true,"href":"https:\/\/uj.adatbank.ro\/lexikon\/wp-json\/wp\/v2\/comments?post=8609"}],"wp:attachment":[{"href":"https:\/\/uj.adatbank.ro\/lexikon\/wp-json\/wp\/v2\/media?parent=8609"}],"wp:term":[{"taxonomy":"product_brand","embeddable":true,"href":"https:\/\/uj.adatbank.ro\/lexikon\/wp-json\/wp\/v2\/product_brand?post=8609"},{"taxonomy":"product_cat","embeddable":true,"href":"https:\/\/uj.adatbank.ro\/lexikon\/wp-json\/wp\/v2\/product_cat?post=8609"},{"taxonomy":"product_tag","embeddable":true,"href":"https:\/\/uj.adatbank.ro\/lexikon\/wp-json\/wp\/v2\/product_tag?post=8609"}],"curies":[{"name":"wp","href":"https:\/\/api.w.org\/{rel}","templated":true}]}}