{"id":8612,"date":"2025-06-29T10:31:47","date_gmt":"2025-06-29T08:31:47","guid":{"rendered":"https:\/\/uj.adatbank.ro\/lexikon\/termek\/galgotzi-istvan-marosvasarhelyi\/"},"modified":"2025-06-29T10:31:47","modified_gmt":"2025-06-29T08:31:47","slug":"galgotzi-istvan-marosvasarhelyi","status":"publish","type":"product","link":"https:\/\/uj.adatbank.ro\/lexikon\/termek\/galgotzi-istvan-marosvasarhelyi\/","title":{"rendered":"GALG\u00d3TZI Istv\u00e1n, marosv\u00e1s\u00e1rhelyi"},"content":{"rendered":"<p>? \u2020\u00a0?: nemes. \u2013 A csal\u00e1db\u00f3l G. Istv\u00e1n nyert nemesi igazolv\u00e1nyt (1786. j\u00fan. 19.). <br \/><strong>Irod.:<\/strong> P\u00e1lmay<\/br><\/p>\n","protected":false},"excerpt":{"rendered":"<p>? \u2020\u00a0?: nemes. \u2013 A csal\u00e1db\u00f3l G. Istv\u00e1n nyert nemesi igazolv\u00e1nyt (1786. j\u00fan. 19.). Irod.: P\u00e1lmay<\/p>\n","protected":false},"featured_media":0,"comment_status":"open","ping_status":"closed","template":"","meta":[],"product_brand":[],"product_cat":[137],"product_tag":[],"class_list":{"0":"post-8612","1":"product","2":"type-product","3":"status-publish","5":"product_cat-maros-megyei-eletrajzi-lexikon","7":"first","8":"instock","9":"shipping-taxable","10":"product-type-simple"},"_links":{"self":[{"href":"https:\/\/uj.adatbank.ro\/lexikon\/wp-json\/wp\/v2\/product\/8612","targetHints":{"allow":["GET"]}}],"collection":[{"href":"https:\/\/uj.adatbank.ro\/lexikon\/wp-json\/wp\/v2\/product"}],"about":[{"href":"https:\/\/uj.adatbank.ro\/lexikon\/wp-json\/wp\/v2\/types\/product"}],"replies":[{"embeddable":true,"href":"https:\/\/uj.adatbank.ro\/lexikon\/wp-json\/wp\/v2\/comments?post=8612"}],"wp:attachment":[{"href":"https:\/\/uj.adatbank.ro\/lexikon\/wp-json\/wp\/v2\/media?parent=8612"}],"wp:term":[{"taxonomy":"product_brand","embeddable":true,"href":"https:\/\/uj.adatbank.ro\/lexikon\/wp-json\/wp\/v2\/product_brand?post=8612"},{"taxonomy":"product_cat","embeddable":true,"href":"https:\/\/uj.adatbank.ro\/lexikon\/wp-json\/wp\/v2\/product_cat?post=8612"},{"taxonomy":"product_tag","embeddable":true,"href":"https:\/\/uj.adatbank.ro\/lexikon\/wp-json\/wp\/v2\/product_tag?post=8612"}],"curies":[{"name":"wp","href":"https:\/\/api.w.org\/{rel}","templated":true}]}}