{"id":8617,"date":"2025-06-29T10:32:00","date_gmt":"2025-06-29T08:32:00","guid":{"rendered":"https:\/\/uj.adatbank.ro\/lexikon\/termek\/gall-aron-jozsef-arp\/"},"modified":"2025-06-29T10:32:00","modified_gmt":"2025-06-29T08:32:00","slug":"gall-aron-jozsef-arp","status":"publish","type":"product","link":"https:\/\/uj.adatbank.ro\/lexikon\/termek\/gall-aron-jozsef-arp\/","title":{"rendered":"G\u00c1LL \u00c1ron J\u00f3zsef, ARP."},"content":{"rendered":"<p>Zs\u00f6g\u00f6d, 1754., \u2020 Mv., 1815. m\u00e1rc. 5. A mv.-i ferences bar\u00e1tok egykori temploma alatt l\u00e9v\u0151 kript\u00e1ban nyugszik: ferences szerzetes. \u2013 Be\u00f6lt\u00f6z\u00f6tt (1775. szept. 27.), felszentelt\u00e9k (1781. aug. 27.). Definitor (1798\u20131801). Tartom\u00e1nyi rendf\u0151n\u00f6k, Minister Provincialis (1801\u20131807). <br \/><strong>Irod.:<\/strong> Gy\u00f6rgy: A ferencrendiek; Pantheon<\/br><\/p>\n","protected":false},"excerpt":{"rendered":"<p>Zs\u00f6g\u00f6d, 1754., \u2020 Mv., 1815. m\u00e1rc. 5. A mv.-i ferences bar\u00e1tok egykori temploma alatt l\u00e9v\u0151 kript\u00e1ban nyugszik: ferences szerzetes. \u2013 Be\u00f6lt\u00f6z\u00f6tt (1775. szept. 27.), felszentelt\u00e9k (1781. aug. 27.). Definitor (1798\u20131801). Tartom\u00e1nyi rendf\u0151n\u00f6k, Minister Provincialis (1801\u20131807). Irod.: Gy\u00f6rgy: A ferencrendiek; Pantheon<\/p>\n","protected":false},"featured_media":0,"comment_status":"open","ping_status":"closed","template":"","meta":[],"product_brand":[],"product_cat":[137],"product_tag":[],"class_list":{"0":"post-8617","1":"product","2":"type-product","3":"status-publish","5":"product_cat-maros-megyei-eletrajzi-lexikon","7":"first","8":"instock","9":"shipping-taxable","10":"product-type-simple"},"_links":{"self":[{"href":"https:\/\/uj.adatbank.ro\/lexikon\/wp-json\/wp\/v2\/product\/8617","targetHints":{"allow":["GET"]}}],"collection":[{"href":"https:\/\/uj.adatbank.ro\/lexikon\/wp-json\/wp\/v2\/product"}],"about":[{"href":"https:\/\/uj.adatbank.ro\/lexikon\/wp-json\/wp\/v2\/types\/product"}],"replies":[{"embeddable":true,"href":"https:\/\/uj.adatbank.ro\/lexikon\/wp-json\/wp\/v2\/comments?post=8617"}],"wp:attachment":[{"href":"https:\/\/uj.adatbank.ro\/lexikon\/wp-json\/wp\/v2\/media?parent=8617"}],"wp:term":[{"taxonomy":"product_brand","embeddable":true,"href":"https:\/\/uj.adatbank.ro\/lexikon\/wp-json\/wp\/v2\/product_brand?post=8617"},{"taxonomy":"product_cat","embeddable":true,"href":"https:\/\/uj.adatbank.ro\/lexikon\/wp-json\/wp\/v2\/product_cat?post=8617"},{"taxonomy":"product_tag","embeddable":true,"href":"https:\/\/uj.adatbank.ro\/lexikon\/wp-json\/wp\/v2\/product_tag?post=8617"}],"curies":[{"name":"wp","href":"https:\/\/api.w.org\/{rel}","templated":true}]}}