{"id":8621,"date":"2025-06-29T10:32:06","date_gmt":"2025-06-29T08:32:06","guid":{"rendered":"https:\/\/uj.adatbank.ro\/lexikon\/termek\/gall-istvan-2\/"},"modified":"2025-06-29T10:32:06","modified_gmt":"2025-06-29T08:32:06","slug":"gall-istvan-2","status":"publish","type":"product","link":"https:\/\/uj.adatbank.ro\/lexikon\/termek\/gall-istvan-2\/","title":{"rendered":"G\u00c1LL Istv\u00e1n"},"content":{"rendered":"<p>1904., \u2020\u00a0Mv., 1995. okt. 11: ref. lelk\u00e9sz, tan\u00e1r. \u2013 Hangya tisztvisel\u0151 (1941\u2013), az Iparkamara\u00e9s a Shell k\u0151olaj lerakat vezet\u0151je. Seg\u00e9dlelk\u00e9sz Bibarcfalv\u00e1n, H\u00e9derf\u00e1j\u00e1n (1930\u2013). Kihelyezett lelk\u00e9szk\u00e9nt szolg\u00e1lt Magyarigenben (1931\u201333). A mv.-i \u00c1ll. M. Tan\u00edt\u00f3k\u00e9pz\u0151 tan\u00e1ra. Ut\u00f3bb a Metalul sz\u00f6vetkezet k\u00f6nyvel\u00e9si ellen\u0151re. Seg\u00e9dlelk\u00e9sz Mv.-en. <br \/><strong>Irod.:<\/strong> Cs\u00e1ky; Derzsi; [Nekrol\u00f3g] (N\u00fa., 1995. okt. 12\u201313.)<\/br><\/p>\n","protected":false},"excerpt":{"rendered":"<p>1904., \u2020\u00a0Mv., 1995. okt. 11: ref. lelk\u00e9sz, tan\u00e1r. \u2013 Hangya tisztvisel\u0151 (1941\u2013), az Iparkamara\u00e9s a Shell k\u0151olaj lerakat vezet\u0151je. Seg\u00e9dlelk\u00e9sz Bibarcfalv\u00e1n, H\u00e9derf\u00e1j\u00e1n (1930\u2013). Kihelyezett lelk\u00e9szk\u00e9nt szolg\u00e1lt Magyarigenben (1931\u201333). A mv.-i \u00c1ll. M. Tan\u00edt\u00f3k\u00e9pz\u0151 tan\u00e1ra. Ut\u00f3bb a Metalul sz\u00f6vetkezet k\u00f6nyvel\u00e9si ellen\u0151re. Seg\u00e9dlelk\u00e9sz Mv.-en. Irod.: Cs\u00e1ky; Derzsi; [Nekrol\u00f3g] (N\u00fa., 1995. okt. 12\u201313.)<\/p>\n","protected":false},"featured_media":0,"comment_status":"open","ping_status":"closed","template":"","meta":[],"product_brand":[],"product_cat":[137],"product_tag":[],"class_list":{"0":"post-8621","1":"product","2":"type-product","3":"status-publish","5":"product_cat-maros-megyei-eletrajzi-lexikon","7":"first","8":"instock","9":"shipping-taxable","10":"product-type-simple"},"_links":{"self":[{"href":"https:\/\/uj.adatbank.ro\/lexikon\/wp-json\/wp\/v2\/product\/8621","targetHints":{"allow":["GET"]}}],"collection":[{"href":"https:\/\/uj.adatbank.ro\/lexikon\/wp-json\/wp\/v2\/product"}],"about":[{"href":"https:\/\/uj.adatbank.ro\/lexikon\/wp-json\/wp\/v2\/types\/product"}],"replies":[{"embeddable":true,"href":"https:\/\/uj.adatbank.ro\/lexikon\/wp-json\/wp\/v2\/comments?post=8621"}],"wp:attachment":[{"href":"https:\/\/uj.adatbank.ro\/lexikon\/wp-json\/wp\/v2\/media?parent=8621"}],"wp:term":[{"taxonomy":"product_brand","embeddable":true,"href":"https:\/\/uj.adatbank.ro\/lexikon\/wp-json\/wp\/v2\/product_brand?post=8621"},{"taxonomy":"product_cat","embeddable":true,"href":"https:\/\/uj.adatbank.ro\/lexikon\/wp-json\/wp\/v2\/product_cat?post=8621"},{"taxonomy":"product_tag","embeddable":true,"href":"https:\/\/uj.adatbank.ro\/lexikon\/wp-json\/wp\/v2\/product_tag?post=8621"}],"curies":[{"name":"wp","href":"https:\/\/api.w.org\/{rel}","templated":true}]}}