{"id":8624,"date":"2025-06-29T10:32:09","date_gmt":"2025-06-29T08:32:09","guid":{"rendered":"https:\/\/uj.adatbank.ro\/lexikon\/termek\/gall-istvan-gaal-istvan\/"},"modified":"2025-06-29T10:32:09","modified_gmt":"2025-06-29T08:32:09","slug":"gall-istvan-gaal-istvan","status":"publish","type":"product","link":"https:\/\/uj.adatbank.ro\/lexikon\/termek\/gall-istvan-gaal-istvan\/","title":{"rendered":"G\u00c1LL Istv\u00e1n, Ga\u00e1l Istv\u00e1n"},"content":{"rendered":"<p>? \u2020\u00a0? : tan\u00e1r. \u2013 A mv.-i Ref. Koll.-ban gyakornok (1909\u20131912). <br \/><strong>Irod.:<\/strong> Mv. t\u00f6rt. 2.<\/br><\/p>\n","protected":false},"excerpt":{"rendered":"<p>? \u2020\u00a0? : tan\u00e1r. \u2013 A mv.-i Ref. Koll.-ban gyakornok (1909\u20131912). Irod.: Mv. t\u00f6rt. 2.<\/p>\n","protected":false},"featured_media":0,"comment_status":"open","ping_status":"closed","template":"","meta":[],"product_brand":[],"product_cat":[137],"product_tag":[],"class_list":{"0":"post-8624","1":"product","2":"type-product","3":"status-publish","5":"product_cat-maros-megyei-eletrajzi-lexikon","7":"first","8":"instock","9":"shipping-taxable","10":"product-type-simple"},"_links":{"self":[{"href":"https:\/\/uj.adatbank.ro\/lexikon\/wp-json\/wp\/v2\/product\/8624","targetHints":{"allow":["GET"]}}],"collection":[{"href":"https:\/\/uj.adatbank.ro\/lexikon\/wp-json\/wp\/v2\/product"}],"about":[{"href":"https:\/\/uj.adatbank.ro\/lexikon\/wp-json\/wp\/v2\/types\/product"}],"replies":[{"embeddable":true,"href":"https:\/\/uj.adatbank.ro\/lexikon\/wp-json\/wp\/v2\/comments?post=8624"}],"wp:attachment":[{"href":"https:\/\/uj.adatbank.ro\/lexikon\/wp-json\/wp\/v2\/media?parent=8624"}],"wp:term":[{"taxonomy":"product_brand","embeddable":true,"href":"https:\/\/uj.adatbank.ro\/lexikon\/wp-json\/wp\/v2\/product_brand?post=8624"},{"taxonomy":"product_cat","embeddable":true,"href":"https:\/\/uj.adatbank.ro\/lexikon\/wp-json\/wp\/v2\/product_cat?post=8624"},{"taxonomy":"product_tag","embeddable":true,"href":"https:\/\/uj.adatbank.ro\/lexikon\/wp-json\/wp\/v2\/product_tag?post=8624"}],"curies":[{"name":"wp","href":"https:\/\/api.w.org\/{rel}","templated":true}]}}