{"id":8625,"date":"2025-06-29T10:32:10","date_gmt":"2025-06-29T08:32:10","guid":{"rendered":"https:\/\/uj.adatbank.ro\/lexikon\/termek\/gall-jozsef\/"},"modified":"2025-06-29T10:32:10","modified_gmt":"2025-06-29T08:32:10","slug":"gall-jozsef","status":"publish","type":"product","link":"https:\/\/uj.adatbank.ro\/lexikon\/termek\/gall-jozsef\/","title":{"rendered":"G\u00c1LL J\u00f3zsef"},"content":{"rendered":"<p>\u00c1kosfalva, 1886., \u2020\u00a0? : gazd\u00e1lkod\u00f3. \u2013 Iskol\u00e1i elv\u00e9gz\u00e9se ut\u00e1n a sz\u00fcl\u0151i h\u00e1zn\u00e1l tanult gazd\u00e1lkodni, \u00f6n\u00e1ll\u00f3 lett \u00c1kosfalv\u00e1n (1910\u2013). Az els\u0151 vh.-ban a 22. gy. ezredben az orosz fronton harcolt. Tekint\u00e9lyes polg\u00e1ra volt sz\u00fcl\u0151faluj\u00e1nak, a MP aleln\u00f6ke, a N\u00e9pk\u00f6z\u00f6ss\u00e9g biz. tagja, k\u00f6zs\u00e9gi bir\u00f3 (1941\u2013) volt. <br \/><strong>Irod.:<\/strong> Sz\u00e9kelyf\u00f6ld \u00ed. k<\/br><\/p>\n","protected":false},"excerpt":{"rendered":"<p>\u00c1kosfalva, 1886., \u2020\u00a0? : gazd\u00e1lkod\u00f3. \u2013 Iskol\u00e1i elv\u00e9gz\u00e9se ut\u00e1n a sz\u00fcl\u0151i h\u00e1zn\u00e1l tanult gazd\u00e1lkodni, \u00f6n\u00e1ll\u00f3 lett \u00c1kosfalv\u00e1n (1910\u2013). Az els\u0151 vh.-ban a 22. gy. ezredben az orosz fronton harcolt. Tekint\u00e9lyes polg\u00e1ra volt sz\u00fcl\u0151faluj\u00e1nak, a MP aleln\u00f6ke, a N\u00e9pk\u00f6z\u00f6ss\u00e9g biz. tagja, k\u00f6zs\u00e9gi bir\u00f3 (1941\u2013) volt. Irod.: Sz\u00e9kelyf\u00f6ld \u00ed. k<\/p>\n","protected":false},"featured_media":0,"comment_status":"open","ping_status":"closed","template":"","meta":[],"product_brand":[],"product_cat":[137],"product_tag":[],"class_list":{"0":"post-8625","1":"product","2":"type-product","3":"status-publish","5":"product_cat-maros-megyei-eletrajzi-lexikon","7":"first","8":"instock","9":"shipping-taxable","10":"product-type-simple"},"_links":{"self":[{"href":"https:\/\/uj.adatbank.ro\/lexikon\/wp-json\/wp\/v2\/product\/8625","targetHints":{"allow":["GET"]}}],"collection":[{"href":"https:\/\/uj.adatbank.ro\/lexikon\/wp-json\/wp\/v2\/product"}],"about":[{"href":"https:\/\/uj.adatbank.ro\/lexikon\/wp-json\/wp\/v2\/types\/product"}],"replies":[{"embeddable":true,"href":"https:\/\/uj.adatbank.ro\/lexikon\/wp-json\/wp\/v2\/comments?post=8625"}],"wp:attachment":[{"href":"https:\/\/uj.adatbank.ro\/lexikon\/wp-json\/wp\/v2\/media?parent=8625"}],"wp:term":[{"taxonomy":"product_brand","embeddable":true,"href":"https:\/\/uj.adatbank.ro\/lexikon\/wp-json\/wp\/v2\/product_brand?post=8625"},{"taxonomy":"product_cat","embeddable":true,"href":"https:\/\/uj.adatbank.ro\/lexikon\/wp-json\/wp\/v2\/product_cat?post=8625"},{"taxonomy":"product_tag","embeddable":true,"href":"https:\/\/uj.adatbank.ro\/lexikon\/wp-json\/wp\/v2\/product_tag?post=8625"}],"curies":[{"name":"wp","href":"https:\/\/api.w.org\/{rel}","templated":true}]}}