{"id":8626,"date":"2025-06-29T10:32:12","date_gmt":"2025-06-29T08:32:12","guid":{"rendered":"https:\/\/uj.adatbank.ro\/lexikon\/termek\/gall-jozsef-2\/"},"modified":"2025-06-29T10:32:12","modified_gmt":"2025-06-29T08:32:12","slug":"gall-jozsef-2","status":"publish","type":"product","link":"https:\/\/uj.adatbank.ro\/lexikon\/termek\/gall-jozsef-2\/","title":{"rendered":"G\u00c1LL J\u00f3zsef"},"content":{"rendered":"<p>Szentgerice, 1908. nov. 22., \u2020\u00a0Mez\u0151k\u00f6vesd, 1944. nov. 7.: honv\u00e9d. \u2013 Anyja Kuti Julianna. \u2013 A 27. gyalogezred, aknavet\u0151s sz\u00e1zad\u00e1ban honv\u00e9d. Sebes\u00fcl\u00e9s\u00e9ben elv\u00e9rzett. Egerben temett\u00e9k. <br \/><strong>Irod.:<\/strong> Berekm\u00e9ri 2015<\/br><\/p>\n","protected":false},"excerpt":{"rendered":"<p>Szentgerice, 1908. nov. 22., \u2020\u00a0Mez\u0151k\u00f6vesd, 1944. nov. 7.: honv\u00e9d. \u2013 Anyja Kuti Julianna. \u2013 A 27. gyalogezred, aknavet\u0151s sz\u00e1zad\u00e1ban honv\u00e9d. Sebes\u00fcl\u00e9s\u00e9ben elv\u00e9rzett. Egerben temett\u00e9k. Irod.: Berekm\u00e9ri 2015<\/p>\n","protected":false},"featured_media":0,"comment_status":"open","ping_status":"closed","template":"","meta":[],"product_brand":[],"product_cat":[137],"product_tag":[],"class_list":{"0":"post-8626","1":"product","2":"type-product","3":"status-publish","5":"product_cat-maros-megyei-eletrajzi-lexikon","7":"first","8":"instock","9":"shipping-taxable","10":"product-type-simple"},"_links":{"self":[{"href":"https:\/\/uj.adatbank.ro\/lexikon\/wp-json\/wp\/v2\/product\/8626","targetHints":{"allow":["GET"]}}],"collection":[{"href":"https:\/\/uj.adatbank.ro\/lexikon\/wp-json\/wp\/v2\/product"}],"about":[{"href":"https:\/\/uj.adatbank.ro\/lexikon\/wp-json\/wp\/v2\/types\/product"}],"replies":[{"embeddable":true,"href":"https:\/\/uj.adatbank.ro\/lexikon\/wp-json\/wp\/v2\/comments?post=8626"}],"wp:attachment":[{"href":"https:\/\/uj.adatbank.ro\/lexikon\/wp-json\/wp\/v2\/media?parent=8626"}],"wp:term":[{"taxonomy":"product_brand","embeddable":true,"href":"https:\/\/uj.adatbank.ro\/lexikon\/wp-json\/wp\/v2\/product_brand?post=8626"},{"taxonomy":"product_cat","embeddable":true,"href":"https:\/\/uj.adatbank.ro\/lexikon\/wp-json\/wp\/v2\/product_cat?post=8626"},{"taxonomy":"product_tag","embeddable":true,"href":"https:\/\/uj.adatbank.ro\/lexikon\/wp-json\/wp\/v2\/product_tag?post=8626"}],"curies":[{"name":"wp","href":"https:\/\/api.w.org\/{rel}","templated":true}]}}