{"id":8627,"date":"2025-06-29T10:32:14","date_gmt":"2025-06-29T08:32:14","guid":{"rendered":"https:\/\/uj.adatbank.ro\/lexikon\/termek\/gall-jozsef-hilibi\/"},"modified":"2025-06-29T10:32:14","modified_gmt":"2025-06-29T08:32:14","slug":"gall-jozsef-hilibi","status":"publish","type":"product","link":"https:\/\/uj.adatbank.ro\/lexikon\/termek\/gall-jozsef-hilibi\/","title":{"rendered":"G\u00c1LL J\u00f3zsef, hilibi"},"content":{"rendered":"<p>? \u2020\u00a0? : f\u0151kir\u00e1lyb\u00edr\u00f3. \u2013 Marossz\u00e9ki f\u0151kir\u00e1lyb\u00edr\u00f3 (1841). <br \/><strong>Irod.:<\/strong> Id\u0151t\u00e1r 5 \/1.<\/br><\/p>\n","protected":false},"excerpt":{"rendered":"<p>? \u2020\u00a0? : f\u0151kir\u00e1lyb\u00edr\u00f3. \u2013 Marossz\u00e9ki f\u0151kir\u00e1lyb\u00edr\u00f3 (1841). Irod.: Id\u0151t\u00e1r 5 \/1.<\/p>\n","protected":false},"featured_media":0,"comment_status":"open","ping_status":"closed","template":"","meta":[],"product_brand":[],"product_cat":[137],"product_tag":[],"class_list":{"0":"post-8627","1":"product","2":"type-product","3":"status-publish","5":"product_cat-maros-megyei-eletrajzi-lexikon","7":"first","8":"instock","9":"shipping-taxable","10":"product-type-simple"},"_links":{"self":[{"href":"https:\/\/uj.adatbank.ro\/lexikon\/wp-json\/wp\/v2\/product\/8627","targetHints":{"allow":["GET"]}}],"collection":[{"href":"https:\/\/uj.adatbank.ro\/lexikon\/wp-json\/wp\/v2\/product"}],"about":[{"href":"https:\/\/uj.adatbank.ro\/lexikon\/wp-json\/wp\/v2\/types\/product"}],"replies":[{"embeddable":true,"href":"https:\/\/uj.adatbank.ro\/lexikon\/wp-json\/wp\/v2\/comments?post=8627"}],"wp:attachment":[{"href":"https:\/\/uj.adatbank.ro\/lexikon\/wp-json\/wp\/v2\/media?parent=8627"}],"wp:term":[{"taxonomy":"product_brand","embeddable":true,"href":"https:\/\/uj.adatbank.ro\/lexikon\/wp-json\/wp\/v2\/product_brand?post=8627"},{"taxonomy":"product_cat","embeddable":true,"href":"https:\/\/uj.adatbank.ro\/lexikon\/wp-json\/wp\/v2\/product_cat?post=8627"},{"taxonomy":"product_tag","embeddable":true,"href":"https:\/\/uj.adatbank.ro\/lexikon\/wp-json\/wp\/v2\/product_tag?post=8627"}],"curies":[{"name":"wp","href":"https:\/\/api.w.org\/{rel}","templated":true}]}}