{"id":8628,"date":"2025-06-29T10:32:16","date_gmt":"2025-06-29T08:32:16","guid":{"rendered":"https:\/\/uj.adatbank.ro\/lexikon\/termek\/gall-jozsef-id\/"},"modified":"2025-06-29T10:32:16","modified_gmt":"2025-06-29T08:32:16","slug":"gall-jozsef-id","status":"publish","type":"product","link":"https:\/\/uj.adatbank.ro\/lexikon\/termek\/gall-jozsef-id\/","title":{"rendered":"G\u00c1LL J\u00f3zsef, id."},"content":{"rendered":"<p>? \u2020\u00a0? : f\u00f6ldbirtokos. \u2013 G\u00f3g\u00e1nban \u00e9s G\u00f3g\u00e1nv\u00e1ralj\u00e1n 595 hold \u00e9s 1563 n\u00f6. birtokkal rendelkezett. A f\u00f6ldoszt\u00e1skor birtokaib\u00f3l kisaj\u00e1t\u00edtottak G\u00f3g\u00e1nv\u00e1ralj\u00e1n 367 hold \u00e9s 1421 n\u00f6. -t (1922.). <br \/><strong>Irod.:<\/strong> Prozan<\/br><\/p>\n","protected":false},"excerpt":{"rendered":"<p>? \u2020\u00a0? : f\u00f6ldbirtokos. \u2013 G\u00f3g\u00e1nban \u00e9s G\u00f3g\u00e1nv\u00e1ralj\u00e1n 595 hold \u00e9s 1563 n\u00f6. birtokkal rendelkezett. A f\u00f6ldoszt\u00e1skor birtokaib\u00f3l kisaj\u00e1t\u00edtottak G\u00f3g\u00e1nv\u00e1ralj\u00e1n 367 hold \u00e9s 1421 n\u00f6. -t (1922.). Irod.: Prozan<\/p>\n","protected":false},"featured_media":0,"comment_status":"open","ping_status":"closed","template":"","meta":[],"product_brand":[],"product_cat":[137],"product_tag":[],"class_list":{"0":"post-8628","1":"product","2":"type-product","3":"status-publish","5":"product_cat-maros-megyei-eletrajzi-lexikon","7":"first","8":"instock","9":"shipping-taxable","10":"product-type-simple"},"_links":{"self":[{"href":"https:\/\/uj.adatbank.ro\/lexikon\/wp-json\/wp\/v2\/product\/8628","targetHints":{"allow":["GET"]}}],"collection":[{"href":"https:\/\/uj.adatbank.ro\/lexikon\/wp-json\/wp\/v2\/product"}],"about":[{"href":"https:\/\/uj.adatbank.ro\/lexikon\/wp-json\/wp\/v2\/types\/product"}],"replies":[{"embeddable":true,"href":"https:\/\/uj.adatbank.ro\/lexikon\/wp-json\/wp\/v2\/comments?post=8628"}],"wp:attachment":[{"href":"https:\/\/uj.adatbank.ro\/lexikon\/wp-json\/wp\/v2\/media?parent=8628"}],"wp:term":[{"taxonomy":"product_brand","embeddable":true,"href":"https:\/\/uj.adatbank.ro\/lexikon\/wp-json\/wp\/v2\/product_brand?post=8628"},{"taxonomy":"product_cat","embeddable":true,"href":"https:\/\/uj.adatbank.ro\/lexikon\/wp-json\/wp\/v2\/product_cat?post=8628"},{"taxonomy":"product_tag","embeddable":true,"href":"https:\/\/uj.adatbank.ro\/lexikon\/wp-json\/wp\/v2\/product_tag?post=8628"}],"curies":[{"name":"wp","href":"https:\/\/api.w.org\/{rel}","templated":true}]}}