{"id":8629,"date":"2025-06-29T10:32:19","date_gmt":"2025-06-29T08:32:19","guid":{"rendered":"https:\/\/uj.adatbank.ro\/lexikon\/termek\/gall-jozsef-ifj\/"},"modified":"2025-06-29T10:32:19","modified_gmt":"2025-06-29T08:32:19","slug":"gall-jozsef-ifj","status":"publish","type":"product","link":"https:\/\/uj.adatbank.ro\/lexikon\/termek\/gall-jozsef-ifj\/","title":{"rendered":"G\u00c1LL J\u00f3zsef, ifj."},"content":{"rendered":"<p>? \u2020\u00a0? : f\u00f6ldbirtokos. \u2013 G\u00f3g\u00e1nban \u00e9s G\u00f3g\u00e1nv\u00e1ralj\u00e1n 367 hold \u00e9s 1424 n\u00f6. birtokkal rendelkezett, amelyb\u0151l a f\u00f6ldoszt\u00e1skor 107 holdat kisaj\u00e1t\u00edtottak: k\u00f6zel 30 hold \u00e9s 1446 n\u00f6. legel\u0151t, \u00f3ri\u00e1si sz\u00e1nt\u00f3f\u00f6ldet, gy\u00fcm\u00f6lcs\u00f6st, stb. (1922. aug. 4.), 37 lakos r\u00e9szes\u00fclt \u00e1tlagosan 3 hold sz\u00e1nt\u00f3f\u00f6ldben, 5 holdat az iskol\u00e1nak \u00e9s a tan\u00edt\u00f3nak, 23-at a g. kat. egyh\u00e1znak templom\u00e9p\u00edt\u00e9sre, papnak \u00e9s k\u00e1ntornak; k\u00f6zs\u00e9gh\u00e1za \u00e9p\u00edt\u00e9sre; 71 holdat k\u00f6zs\u00e9gi legel\u0151nek; sportp\u00e1lya l\u00e9tes\u00edt\u00e9sre; 22 rom\u00e1n \u00e9s 22 m. lakosnak h\u00e1zhely\u00fcl \u00e9s m\u00e1s c\u00e9lokra haszn\u00e1lt\u00e1k. <br \/><strong>Irod.:<\/strong> Prozan<\/br><\/p>\n","protected":false},"excerpt":{"rendered":"<p>? \u2020\u00a0? : f\u00f6ldbirtokos. \u2013 G\u00f3g\u00e1nban \u00e9s G\u00f3g\u00e1nv\u00e1ralj\u00e1n 367 hold \u00e9s 1424 n\u00f6. birtokkal rendelkezett, amelyb\u0151l a f\u00f6ldoszt\u00e1skor 107 holdat kisaj\u00e1t\u00edtottak: k\u00f6zel 30 hold \u00e9s 1446 n\u00f6. legel\u0151t, \u00f3ri\u00e1si sz\u00e1nt\u00f3f\u00f6ldet, gy\u00fcm\u00f6lcs\u00f6st, stb. (1922. aug. 4.), 37 lakos r\u00e9szes\u00fclt \u00e1tlagosan 3 hold sz\u00e1nt\u00f3f\u00f6ldben, 5 holdat az iskol\u00e1nak \u00e9s a tan\u00edt\u00f3nak, 23-at a g. kat. egyh\u00e1znak templom\u00e9p\u00edt\u00e9sre, [&hellip;]<\/p>\n","protected":false},"featured_media":0,"comment_status":"open","ping_status":"closed","template":"","meta":[],"product_brand":[],"product_cat":[137],"product_tag":[],"class_list":{"0":"post-8629","1":"product","2":"type-product","3":"status-publish","5":"product_cat-maros-megyei-eletrajzi-lexikon","7":"first","8":"instock","9":"shipping-taxable","10":"product-type-simple"},"_links":{"self":[{"href":"https:\/\/uj.adatbank.ro\/lexikon\/wp-json\/wp\/v2\/product\/8629","targetHints":{"allow":["GET"]}}],"collection":[{"href":"https:\/\/uj.adatbank.ro\/lexikon\/wp-json\/wp\/v2\/product"}],"about":[{"href":"https:\/\/uj.adatbank.ro\/lexikon\/wp-json\/wp\/v2\/types\/product"}],"replies":[{"embeddable":true,"href":"https:\/\/uj.adatbank.ro\/lexikon\/wp-json\/wp\/v2\/comments?post=8629"}],"wp:attachment":[{"href":"https:\/\/uj.adatbank.ro\/lexikon\/wp-json\/wp\/v2\/media?parent=8629"}],"wp:term":[{"taxonomy":"product_brand","embeddable":true,"href":"https:\/\/uj.adatbank.ro\/lexikon\/wp-json\/wp\/v2\/product_brand?post=8629"},{"taxonomy":"product_cat","embeddable":true,"href":"https:\/\/uj.adatbank.ro\/lexikon\/wp-json\/wp\/v2\/product_cat?post=8629"},{"taxonomy":"product_tag","embeddable":true,"href":"https:\/\/uj.adatbank.ro\/lexikon\/wp-json\/wp\/v2\/product_tag?post=8629"}],"curies":[{"name":"wp","href":"https:\/\/api.w.org\/{rel}","templated":true}]}}