{"id":8931,"date":"2025-06-29T10:43:04","date_gmt":"2025-06-29T08:43:04","guid":{"rendered":"https:\/\/uj.adatbank.ro\/lexikon\/termek\/gobbel-stephanus\/"},"modified":"2025-06-29T10:43:04","modified_gmt":"2025-06-29T08:43:04","slug":"gobbel-stephanus","status":"publish","type":"product","link":"https:\/\/uj.adatbank.ro\/lexikon\/termek\/gobbel-stephanus\/","title":{"rendered":"G\u00d6BBEL Stephanus"},"content":{"rendered":"<p>? \u2020 1629.: \u00f6nt\u0151mester. \u2013 Segesv\u00e1ri polg\u00e1r, \u00f3n\u00f6nt\u0151mester, segesv\u00e1ri kir\u00e1lyb\u00edr\u00f3 (1622\u201323). <br \/><strong>Irod.:<\/strong> Kraus: Erd\u00e9lyi kr\u00f3nika<\/br><\/p>\n","protected":false},"excerpt":{"rendered":"<p>? \u2020 1629.: \u00f6nt\u0151mester. \u2013 Segesv\u00e1ri polg\u00e1r, \u00f3n\u00f6nt\u0151mester, segesv\u00e1ri kir\u00e1lyb\u00edr\u00f3 (1622\u201323). Irod.: Kraus: Erd\u00e9lyi kr\u00f3nika<\/p>\n","protected":false},"featured_media":0,"comment_status":"open","ping_status":"closed","template":"","meta":[],"product_brand":[],"product_cat":[137],"product_tag":[],"class_list":{"0":"post-8931","1":"product","2":"type-product","3":"status-publish","5":"product_cat-maros-megyei-eletrajzi-lexikon","7":"first","8":"instock","9":"shipping-taxable","10":"product-type-simple"},"_links":{"self":[{"href":"https:\/\/uj.adatbank.ro\/lexikon\/wp-json\/wp\/v2\/product\/8931","targetHints":{"allow":["GET"]}}],"collection":[{"href":"https:\/\/uj.adatbank.ro\/lexikon\/wp-json\/wp\/v2\/product"}],"about":[{"href":"https:\/\/uj.adatbank.ro\/lexikon\/wp-json\/wp\/v2\/types\/product"}],"replies":[{"embeddable":true,"href":"https:\/\/uj.adatbank.ro\/lexikon\/wp-json\/wp\/v2\/comments?post=8931"}],"wp:attachment":[{"href":"https:\/\/uj.adatbank.ro\/lexikon\/wp-json\/wp\/v2\/media?parent=8931"}],"wp:term":[{"taxonomy":"product_brand","embeddable":true,"href":"https:\/\/uj.adatbank.ro\/lexikon\/wp-json\/wp\/v2\/product_brand?post=8931"},{"taxonomy":"product_cat","embeddable":true,"href":"https:\/\/uj.adatbank.ro\/lexikon\/wp-json\/wp\/v2\/product_cat?post=8931"},{"taxonomy":"product_tag","embeddable":true,"href":"https:\/\/uj.adatbank.ro\/lexikon\/wp-json\/wp\/v2\/product_tag?post=8931"}],"curies":[{"name":"wp","href":"https:\/\/api.w.org\/{rel}","templated":true}]}}