{"id":8934,"date":"2025-06-29T10:43:10","date_gmt":"2025-06-29T08:43:10","guid":{"rendered":"https:\/\/uj.adatbank.ro\/lexikon\/termek\/gociman-aurel-gocsman-aurel\/"},"modified":"2025-06-29T10:43:10","modified_gmt":"2025-06-29T08:43:10","slug":"gociman-aurel-gocsman-aurel","status":"publish","type":"product","link":"https:\/\/uj.adatbank.ro\/lexikon\/termek\/gociman-aurel-gocsman-aurel\/","title":{"rendered":"GOCIMAN Aurel, Gocsman Aurel"},"content":{"rendered":"<p>Bereck, 1899. dec. 22., \u2020 Buk., 1991. szept. 18.: k\u00f6zgazd\u00e1sz, egyetemi tan\u00e1r. \u2013 Brass\u00f3ban v\u00e9gezte a k\u00f6z\u00e9piskol\u00e1t, Buk.-ben a kereskedelmi \u00e9s ipari akad. -t, Kv.-on az egyetemet (1928). A sz\u00e1szr\u00e9geni \u00e1llami erd\u0151 \u2013 \u00e9s f\u0171r\u00e9szipari v\u00e1llalatn\u00e1l k\u00f6zgazdas\u00e1gi teend\u0151ket l\u00e1tott el, majd Kv.-on a Kereskedelmi Akad. -n egyetemi tan\u00e1r (1928), doktor\u00e1tus\u00e1t megv\u00e9dte az Industria \u015fi comer\u0163ul lemnului din bazinul Mure\u015fului superior c. t\u00e9zis\u00e9vel (1929). Az Universul c. \u00fajs\u00e1g munkat\u00e1rsa; Buk.-ben tev\u00e9kenykediett a miniszt\u00e9riumban (1940\u201344); Pusztakal\u00e1non \u00e9lt (Hunyad). \u2013 <strong>F. m.:<\/strong> Politica de transport a c\u0103ilor ferate: doktori \u00e9rtekez\u00e9s (Kv., 1928); Industria \u015fi comer\u0163ul lemnului din bazinul Mure\u015fului superior (Cluj, 1929); Industria \u015fi comer\u0163ul lemnului din \u00een jude\u0163ul Trei-Scaune (Cluj, 1931); Suta de milioane a lui Romulus Boil\u0103 (1932); M\u0103celul de la Beli\u015f \u00een 1918 (1932, 1995); Rom\u00e2nia \u015fi revizionismul maghiar (1934); Economia forestier\u0103 a Ardealului (1935); Probleme rom\u00e2ne\u015fti \u00een regiunea secuizat\u0103 (Arad, 1936); Catehism antirevizionist \u015fi anticomunist (Cluj, 1936); Politica economic\u0103 autarhic\u0103 a Italiei din preajma r\u0103zboiului (Buc., 1937); M\u0103celul de la Beli\u015f din 1918 (Cluj-N., 1995); Frontiera occidental\u0103 a Transilvaniei v\u0103zut\u0103 de autori maghiari (1999). <br \/><strong>Irod.:<\/strong> Fornade; K\u00e1d\u00e1r Zsombor: K\u00e9t \u00fczemismertet\u00e9s haszna  =  K\u00e1d\u00e1r Zsombor: Sz\u00e9kelyf\u00f6ldi erd\u00e9szeti arck\u00e9pcsarnok (Bp., 1999)<\/br><\/p>\n","protected":false},"excerpt":{"rendered":"<p>Bereck, 1899. dec. 22., \u2020 Buk., 1991. szept. 18.: k\u00f6zgazd\u00e1sz, egyetemi tan\u00e1r. \u2013 Brass\u00f3ban v\u00e9gezte a k\u00f6z\u00e9piskol\u00e1t, Buk.-ben a kereskedelmi \u00e9s ipari akad. -t, Kv.-on az egyetemet (1928). A sz\u00e1szr\u00e9geni \u00e1llami erd\u0151 \u2013 \u00e9s f\u0171r\u00e9szipari v\u00e1llalatn\u00e1l k\u00f6zgazdas\u00e1gi teend\u0151ket l\u00e1tott el, majd Kv.-on a Kereskedelmi Akad. -n egyetemi tan\u00e1r (1928), doktor\u00e1tus\u00e1t megv\u00e9dte az Industria \u015fi comer\u0163ul [&hellip;]<\/p>\n","protected":false},"featured_media":0,"comment_status":"open","ping_status":"closed","template":"","meta":[],"product_brand":[],"product_cat":[137],"product_tag":[],"class_list":{"0":"post-8934","1":"product","2":"type-product","3":"status-publish","5":"product_cat-maros-megyei-eletrajzi-lexikon","7":"first","8":"instock","9":"shipping-taxable","10":"product-type-simple"},"_links":{"self":[{"href":"https:\/\/uj.adatbank.ro\/lexikon\/wp-json\/wp\/v2\/product\/8934","targetHints":{"allow":["GET"]}}],"collection":[{"href":"https:\/\/uj.adatbank.ro\/lexikon\/wp-json\/wp\/v2\/product"}],"about":[{"href":"https:\/\/uj.adatbank.ro\/lexikon\/wp-json\/wp\/v2\/types\/product"}],"replies":[{"embeddable":true,"href":"https:\/\/uj.adatbank.ro\/lexikon\/wp-json\/wp\/v2\/comments?post=8934"}],"wp:attachment":[{"href":"https:\/\/uj.adatbank.ro\/lexikon\/wp-json\/wp\/v2\/media?parent=8934"}],"wp:term":[{"taxonomy":"product_brand","embeddable":true,"href":"https:\/\/uj.adatbank.ro\/lexikon\/wp-json\/wp\/v2\/product_brand?post=8934"},{"taxonomy":"product_cat","embeddable":true,"href":"https:\/\/uj.adatbank.ro\/lexikon\/wp-json\/wp\/v2\/product_cat?post=8934"},{"taxonomy":"product_tag","embeddable":true,"href":"https:\/\/uj.adatbank.ro\/lexikon\/wp-json\/wp\/v2\/product_tag?post=8934"}],"curies":[{"name":"wp","href":"https:\/\/api.w.org\/{rel}","templated":true}]}}