{"id":8935,"date":"2025-06-29T10:43:12","date_gmt":"2025-06-29T08:43:12","guid":{"rendered":"https:\/\/uj.adatbank.ro\/lexikon\/termek\/gocsi-gergely\/"},"modified":"2025-06-29T10:43:12","modified_gmt":"2025-06-29T08:43:12","slug":"gocsi-gergely","status":"publish","type":"product","link":"https:\/\/uj.adatbank.ro\/lexikon\/termek\/gocsi-gergely\/","title":{"rendered":"G\u00d6CSI Gergely"},"content":{"rendered":"<p>Sz\u00e9kelycs\u00f3ka, 1896. nov. 27., \u2020\u00a0Atosfalva, 1978. j\u00fal. 20.: szab\u00f3. \u2013 Tartal\u00e9kos tizedes a cs. \u00e9s kir.-i 62. gyalogezredben. <strong>Kit\u00fcntet\u00e9sei:<\/strong> O1, O2, OB, Kcsk, MHE\u00c9, Katonai Leg\u00e9nys\u00e9gi Szolg\u00e1lati Jel III. oszt\u00e1lya, OHE\u00c9, Vit\u00e9zi avat\u00e1si id\u0151pont: 1943. dec. 5. <br \/><strong>Irod.:<\/strong> Berekm\u00e9ri\u2013Nemes<\/br><\/p>\n","protected":false},"excerpt":{"rendered":"<p>Sz\u00e9kelycs\u00f3ka, 1896. nov. 27., \u2020\u00a0Atosfalva, 1978. j\u00fal. 20.: szab\u00f3. \u2013 Tartal\u00e9kos tizedes a cs. \u00e9s kir.-i 62. gyalogezredben. Kit\u00fcntet\u00e9sei: O1, O2, OB, Kcsk, MHE\u00c9, Katonai Leg\u00e9nys\u00e9gi Szolg\u00e1lati Jel III. oszt\u00e1lya, OHE\u00c9, Vit\u00e9zi avat\u00e1si id\u0151pont: 1943. dec. 5. Irod.: Berekm\u00e9ri\u2013Nemes<\/p>\n","protected":false},"featured_media":0,"comment_status":"open","ping_status":"closed","template":"","meta":[],"product_brand":[],"product_cat":[137],"product_tag":[],"class_list":{"0":"post-8935","1":"product","2":"type-product","3":"status-publish","5":"product_cat-maros-megyei-eletrajzi-lexikon","7":"first","8":"instock","9":"shipping-taxable","10":"product-type-simple"},"_links":{"self":[{"href":"https:\/\/uj.adatbank.ro\/lexikon\/wp-json\/wp\/v2\/product\/8935","targetHints":{"allow":["GET"]}}],"collection":[{"href":"https:\/\/uj.adatbank.ro\/lexikon\/wp-json\/wp\/v2\/product"}],"about":[{"href":"https:\/\/uj.adatbank.ro\/lexikon\/wp-json\/wp\/v2\/types\/product"}],"replies":[{"embeddable":true,"href":"https:\/\/uj.adatbank.ro\/lexikon\/wp-json\/wp\/v2\/comments?post=8935"}],"wp:attachment":[{"href":"https:\/\/uj.adatbank.ro\/lexikon\/wp-json\/wp\/v2\/media?parent=8935"}],"wp:term":[{"taxonomy":"product_brand","embeddable":true,"href":"https:\/\/uj.adatbank.ro\/lexikon\/wp-json\/wp\/v2\/product_brand?post=8935"},{"taxonomy":"product_cat","embeddable":true,"href":"https:\/\/uj.adatbank.ro\/lexikon\/wp-json\/wp\/v2\/product_cat?post=8935"},{"taxonomy":"product_tag","embeddable":true,"href":"https:\/\/uj.adatbank.ro\/lexikon\/wp-json\/wp\/v2\/product_tag?post=8935"}],"curies":[{"name":"wp","href":"https:\/\/api.w.org\/{rel}","templated":true}]}}