{"id":8938,"date":"2025-06-29T10:43:18","date_gmt":"2025-06-29T08:43:18","guid":{"rendered":"https:\/\/uj.adatbank.ro\/lexikon\/termek\/gocsman-palma\/"},"modified":"2025-06-29T10:43:18","modified_gmt":"2025-06-29T08:43:18","slug":"gocsman-palma","status":"publish","type":"product","link":"https:\/\/uj.adatbank.ro\/lexikon\/termek\/gocsman-palma\/","title":{"rendered":"GOCSMAN P\u00e1lma"},"content":{"rendered":"<p>1905., \u2020 Mv., 1970.: tan\u00e1rn\u0151, igazgat\u00f3. \u2013A mv.-i Le\u00e1nyl\u00edc. igazgat\u00f3ja. <br \/><strong>Irod.:<\/strong> Bethlen Anik\u00f3; Csekme<\/br><\/p>\n","protected":false},"excerpt":{"rendered":"<p>1905., \u2020 Mv., 1970.: tan\u00e1rn\u0151, igazgat\u00f3. \u2013A mv.-i Le\u00e1nyl\u00edc. igazgat\u00f3ja. Irod.: Bethlen Anik\u00f3; Csekme<\/p>\n","protected":false},"featured_media":0,"comment_status":"open","ping_status":"closed","template":"","meta":[],"product_brand":[],"product_cat":[137],"product_tag":[],"class_list":{"0":"post-8938","1":"product","2":"type-product","3":"status-publish","5":"product_cat-maros-megyei-eletrajzi-lexikon","7":"first","8":"instock","9":"shipping-taxable","10":"product-type-simple"},"_links":{"self":[{"href":"https:\/\/uj.adatbank.ro\/lexikon\/wp-json\/wp\/v2\/product\/8938","targetHints":{"allow":["GET"]}}],"collection":[{"href":"https:\/\/uj.adatbank.ro\/lexikon\/wp-json\/wp\/v2\/product"}],"about":[{"href":"https:\/\/uj.adatbank.ro\/lexikon\/wp-json\/wp\/v2\/types\/product"}],"replies":[{"embeddable":true,"href":"https:\/\/uj.adatbank.ro\/lexikon\/wp-json\/wp\/v2\/comments?post=8938"}],"wp:attachment":[{"href":"https:\/\/uj.adatbank.ro\/lexikon\/wp-json\/wp\/v2\/media?parent=8938"}],"wp:term":[{"taxonomy":"product_brand","embeddable":true,"href":"https:\/\/uj.adatbank.ro\/lexikon\/wp-json\/wp\/v2\/product_brand?post=8938"},{"taxonomy":"product_cat","embeddable":true,"href":"https:\/\/uj.adatbank.ro\/lexikon\/wp-json\/wp\/v2\/product_cat?post=8938"},{"taxonomy":"product_tag","embeddable":true,"href":"https:\/\/uj.adatbank.ro\/lexikon\/wp-json\/wp\/v2\/product_tag?post=8938"}],"curies":[{"name":"wp","href":"https:\/\/api.w.org\/{rel}","templated":true}]}}