{"id":8946,"date":"2025-06-29T10:43:40","date_gmt":"2025-06-29T08:43:40","guid":{"rendered":"https:\/\/uj.adatbank.ro\/lexikon\/termek\/godri-mate\/"},"modified":"2025-06-29T10:43:40","modified_gmt":"2025-06-29T08:43:40","slug":"godri-mate","status":"publish","type":"product","link":"https:\/\/uj.adatbank.ro\/lexikon\/termek\/godri-mate\/","title":{"rendered":"G\u00d6DRI M\u00e1t\u00e9"},"content":{"rendered":"<p>? \u2020\u00a0? : ref. tan\u00edt\u00f3. \u2013 Mv.-en subscrib\u00e1lt (1773). \u00c1d\u00e1moson tan\u00edtott (1781\u201386), majd Radn\u00f3ton (1787\u20131804). <br \/><strong>Irod.:<\/strong> K\u00fck\u00fcll\u0151i Ref. Egyh\u00e1zm. 1., 4.<\/br><\/p>\n","protected":false},"excerpt":{"rendered":"<p>? \u2020\u00a0? : ref. tan\u00edt\u00f3. \u2013 Mv.-en subscrib\u00e1lt (1773). \u00c1d\u00e1moson tan\u00edtott (1781\u201386), majd Radn\u00f3ton (1787\u20131804). Irod.: K\u00fck\u00fcll\u0151i Ref. Egyh\u00e1zm. 1., 4.<\/p>\n","protected":false},"featured_media":0,"comment_status":"open","ping_status":"closed","template":"","meta":[],"product_brand":[],"product_cat":[137],"product_tag":[],"class_list":{"0":"post-8946","1":"product","2":"type-product","3":"status-publish","5":"product_cat-maros-megyei-eletrajzi-lexikon","7":"first","8":"instock","9":"shipping-taxable","10":"product-type-simple"},"_links":{"self":[{"href":"https:\/\/uj.adatbank.ro\/lexikon\/wp-json\/wp\/v2\/product\/8946","targetHints":{"allow":["GET"]}}],"collection":[{"href":"https:\/\/uj.adatbank.ro\/lexikon\/wp-json\/wp\/v2\/product"}],"about":[{"href":"https:\/\/uj.adatbank.ro\/lexikon\/wp-json\/wp\/v2\/types\/product"}],"replies":[{"embeddable":true,"href":"https:\/\/uj.adatbank.ro\/lexikon\/wp-json\/wp\/v2\/comments?post=8946"}],"wp:attachment":[{"href":"https:\/\/uj.adatbank.ro\/lexikon\/wp-json\/wp\/v2\/media?parent=8946"}],"wp:term":[{"taxonomy":"product_brand","embeddable":true,"href":"https:\/\/uj.adatbank.ro\/lexikon\/wp-json\/wp\/v2\/product_brand?post=8946"},{"taxonomy":"product_cat","embeddable":true,"href":"https:\/\/uj.adatbank.ro\/lexikon\/wp-json\/wp\/v2\/product_cat?post=8946"},{"taxonomy":"product_tag","embeddable":true,"href":"https:\/\/uj.adatbank.ro\/lexikon\/wp-json\/wp\/v2\/product_tag?post=8946"}],"curies":[{"name":"wp","href":"https:\/\/api.w.org\/{rel}","templated":true}]}}