{"id":8947,"date":"2025-06-29T10:43:42","date_gmt":"2025-06-29T08:43:42","guid":{"rendered":"https:\/\/uj.adatbank.ro\/lexikon\/termek\/godt-adolf\/"},"modified":"2025-06-29T10:43:42","modified_gmt":"2025-06-29T08:43:42","slug":"godt-adolf","status":"publish","type":"product","link":"https:\/\/uj.adatbank.ro\/lexikon\/termek\/godt-adolf\/","title":{"rendered":"GODT Adolf"},"content":{"rendered":"<p>Mv. 1869., \u2020\u00a0Mv., 1939.: b\u00e1dogosmester, h\u00e1ztuajdonos. \u2013 Fia: Ern\u0151. \u2013 Kossuth Lajos u. 65. sz. aatti h\u00e1zat vette meg (1912). A v\u00e1rosi tan\u00e1cs enged\u00e9ly\u00e9vel boltot, fedett kaput, f\u0171rd\u0151t, el\u0151szob\u00e1t, m\u0171helyt, rakt\u00e1rat stb. \u00e9p\u00edthetett, val\u00f3sz\u00edn\u0171 V\u00e1rady \u00c1rp\u00e1d kivitelez\u0151vel. A csatorn\u00e1z\u00e1st Nagy K\u00e1roly kivitelezte. Az Erd\u00e9lyi Sz\u00e9ch\u00e9nyi-T\u00e1rsas\u00e1g (1910) tagja \u00e9s a Szeg\u00e9ny gyermekeket feruh\u00e1z\u00f3 egylet gazd\u00e1ja. A status quo ante hitk\u00f6zs\u00e9g gondnoka, a Magyar Iparos Egylet v\u00e1lasztm\u00e1nyi tagja, majd aleln\u00f6ke. A gazdas\u00e1gi v\u00e1ls\u00e1g idej\u00e9n, az \u00e9p\u00edt\u0151ipar le\u00e1ll\u00e1sa \u00e9s a fia hitelez\u00e9sei miatt fizet\u00e9sk\u00e9ptelenn\u00e9 v\u00e1lt. S\u00edreml\u00e9k\u00e9t az ipartest\u00fclet avatta fel (1940). <br \/><strong>Irod.:<\/strong> Orb\u00e1n \u2013 Oniga<\/br><\/p>\n","protected":false},"excerpt":{"rendered":"<p>Mv. 1869., \u2020\u00a0Mv., 1939.: b\u00e1dogosmester, h\u00e1ztuajdonos. \u2013 Fia: Ern\u0151. \u2013 Kossuth Lajos u. 65. sz. aatti h\u00e1zat vette meg (1912). A v\u00e1rosi tan\u00e1cs enged\u00e9ly\u00e9vel boltot, fedett kaput, f\u0171rd\u0151t, el\u0151szob\u00e1t, m\u0171helyt, rakt\u00e1rat stb. \u00e9p\u00edthetett, val\u00f3sz\u00edn\u0171 V\u00e1rady \u00c1rp\u00e1d kivitelez\u0151vel. A csatorn\u00e1z\u00e1st Nagy K\u00e1roly kivitelezte. Az Erd\u00e9lyi Sz\u00e9ch\u00e9nyi-T\u00e1rsas\u00e1g (1910) tagja \u00e9s a Szeg\u00e9ny gyermekeket feruh\u00e1z\u00f3 egylet gazd\u00e1ja. A [&hellip;]<\/p>\n","protected":false},"featured_media":0,"comment_status":"open","ping_status":"closed","template":"","meta":[],"product_brand":[],"product_cat":[137],"product_tag":[],"class_list":{"0":"post-8947","1":"product","2":"type-product","3":"status-publish","5":"product_cat-maros-megyei-eletrajzi-lexikon","7":"first","8":"instock","9":"shipping-taxable","10":"product-type-simple"},"_links":{"self":[{"href":"https:\/\/uj.adatbank.ro\/lexikon\/wp-json\/wp\/v2\/product\/8947","targetHints":{"allow":["GET"]}}],"collection":[{"href":"https:\/\/uj.adatbank.ro\/lexikon\/wp-json\/wp\/v2\/product"}],"about":[{"href":"https:\/\/uj.adatbank.ro\/lexikon\/wp-json\/wp\/v2\/types\/product"}],"replies":[{"embeddable":true,"href":"https:\/\/uj.adatbank.ro\/lexikon\/wp-json\/wp\/v2\/comments?post=8947"}],"wp:attachment":[{"href":"https:\/\/uj.adatbank.ro\/lexikon\/wp-json\/wp\/v2\/media?parent=8947"}],"wp:term":[{"taxonomy":"product_brand","embeddable":true,"href":"https:\/\/uj.adatbank.ro\/lexikon\/wp-json\/wp\/v2\/product_brand?post=8947"},{"taxonomy":"product_cat","embeddable":true,"href":"https:\/\/uj.adatbank.ro\/lexikon\/wp-json\/wp\/v2\/product_cat?post=8947"},{"taxonomy":"product_tag","embeddable":true,"href":"https:\/\/uj.adatbank.ro\/lexikon\/wp-json\/wp\/v2\/product_tag?post=8947"}],"curies":[{"name":"wp","href":"https:\/\/api.w.org\/{rel}","templated":true}]}}