{"id":8948,"date":"2025-06-29T10:43:43","date_gmt":"2025-06-29T08:43:43","guid":{"rendered":"https:\/\/uj.adatbank.ro\/lexikon\/termek\/godt-erno\/"},"modified":"2025-06-29T10:43:43","modified_gmt":"2025-06-29T08:43:43","slug":"godt-erno","status":"publish","type":"product","link":"https:\/\/uj.adatbank.ro\/lexikon\/termek\/godt-erno\/","title":{"rendered":"GODT Ern\u0151"},"content":{"rendered":"<p>Mv., 1900., \u2020\u00a0?: v\u00edzvezet\u00e9kszerel\u0151 Mv.-en. \u2013 Apja: Adolf. \u2013 R\u00e9szt vett az els\u0151 vh.-ban (1918\u2013) a 62. k\u00f6z\u00f6s gy. e. -hez vonult be, az \u00f6sszeoml\u00e1s ut\u00e1n a Sz\u00e9kely hadoszt\u00e1lyban harcolt, rom\u00e1n fogs\u00e1gba esett (1919). Mv. -r\u0151l feles\u00e9g\u00e9vel egy\u00fctt deport\u00e1lt\u00e1k (1944. m\u00e1j. 29.). <br \/><strong>Irod.:<\/strong> Erd\u00e9lyi ezredek; Mv. zsid\u00f3s\u00e1ga; Orb\u00e1n \u2013 Oniga<\/br><\/p>\n","protected":false},"excerpt":{"rendered":"<p>Mv., 1900., \u2020\u00a0?: v\u00edzvezet\u00e9kszerel\u0151 Mv.-en. \u2013 Apja: Adolf. \u2013 R\u00e9szt vett az els\u0151 vh.-ban (1918\u2013) a 62. k\u00f6z\u00f6s gy. e. -hez vonult be, az \u00f6sszeoml\u00e1s ut\u00e1n a Sz\u00e9kely hadoszt\u00e1lyban harcolt, rom\u00e1n fogs\u00e1gba esett (1919). Mv. -r\u0151l feles\u00e9g\u00e9vel egy\u00fctt deport\u00e1lt\u00e1k (1944. m\u00e1j. 29.). Irod.: Erd\u00e9lyi ezredek; Mv. zsid\u00f3s\u00e1ga; Orb\u00e1n \u2013 Oniga<\/p>\n","protected":false},"featured_media":0,"comment_status":"open","ping_status":"closed","template":"","meta":[],"product_brand":[],"product_cat":[137],"product_tag":[],"class_list":{"0":"post-8948","1":"product","2":"type-product","3":"status-publish","5":"product_cat-maros-megyei-eletrajzi-lexikon","7":"first","8":"instock","9":"shipping-taxable","10":"product-type-simple"},"_links":{"self":[{"href":"https:\/\/uj.adatbank.ro\/lexikon\/wp-json\/wp\/v2\/product\/8948","targetHints":{"allow":["GET"]}}],"collection":[{"href":"https:\/\/uj.adatbank.ro\/lexikon\/wp-json\/wp\/v2\/product"}],"about":[{"href":"https:\/\/uj.adatbank.ro\/lexikon\/wp-json\/wp\/v2\/types\/product"}],"replies":[{"embeddable":true,"href":"https:\/\/uj.adatbank.ro\/lexikon\/wp-json\/wp\/v2\/comments?post=8948"}],"wp:attachment":[{"href":"https:\/\/uj.adatbank.ro\/lexikon\/wp-json\/wp\/v2\/media?parent=8948"}],"wp:term":[{"taxonomy":"product_brand","embeddable":true,"href":"https:\/\/uj.adatbank.ro\/lexikon\/wp-json\/wp\/v2\/product_brand?post=8948"},{"taxonomy":"product_cat","embeddable":true,"href":"https:\/\/uj.adatbank.ro\/lexikon\/wp-json\/wp\/v2\/product_cat?post=8948"},{"taxonomy":"product_tag","embeddable":true,"href":"https:\/\/uj.adatbank.ro\/lexikon\/wp-json\/wp\/v2\/product_tag?post=8948"}],"curies":[{"name":"wp","href":"https:\/\/api.w.org\/{rel}","templated":true}]}}