{"id":8949,"date":"2025-06-29T10:43:47","date_gmt":"2025-06-29T08:43:47","guid":{"rendered":"https:\/\/uj.adatbank.ro\/lexikon\/termek\/goepherth-josef\/"},"modified":"2025-06-29T10:43:47","modified_gmt":"2025-06-29T08:43:47","slug":"goepherth-josef","status":"publish","type":"product","link":"https:\/\/uj.adatbank.ro\/lexikon\/termek\/goepherth-josef\/","title":{"rendered":"GOEPHERTH Josef"},"content":{"rendered":"<p>? \u2020\u00a0Mv., 1826. nov. 10., A mv.-i Keresztel\u0151 Szent J\u00e1nos-pl\u00e9b\u00e1nia kript\u00e1j\u00e1ba temett\u00e9k, a feles\u00e9g\u00e9t is: cs. k. postamester. <br \/><strong>Irod.:<\/strong> Mv.-i \u00f6rm\u00e9nyek; Mv.-i Pl\u00e9b\u00e1niatemplom kript\u00e1ja; Pusk\u00e1s Attila \u2013 s\u00edrfeliratok<\/br><\/p>\n","protected":false},"excerpt":{"rendered":"<p>? \u2020\u00a0Mv., 1826. nov. 10., A mv.-i Keresztel\u0151 Szent J\u00e1nos-pl\u00e9b\u00e1nia kript\u00e1j\u00e1ba temett\u00e9k, a feles\u00e9g\u00e9t is: cs. k. postamester. Irod.: Mv.-i \u00f6rm\u00e9nyek; Mv.-i Pl\u00e9b\u00e1niatemplom kript\u00e1ja; Pusk\u00e1s Attila \u2013 s\u00edrfeliratok<\/p>\n","protected":false},"featured_media":0,"comment_status":"open","ping_status":"closed","template":"","meta":[],"product_brand":[],"product_cat":[137],"product_tag":[],"class_list":{"0":"post-8949","1":"product","2":"type-product","3":"status-publish","5":"product_cat-maros-megyei-eletrajzi-lexikon","7":"first","8":"instock","9":"shipping-taxable","10":"product-type-simple"},"_links":{"self":[{"href":"https:\/\/uj.adatbank.ro\/lexikon\/wp-json\/wp\/v2\/product\/8949","targetHints":{"allow":["GET"]}}],"collection":[{"href":"https:\/\/uj.adatbank.ro\/lexikon\/wp-json\/wp\/v2\/product"}],"about":[{"href":"https:\/\/uj.adatbank.ro\/lexikon\/wp-json\/wp\/v2\/types\/product"}],"replies":[{"embeddable":true,"href":"https:\/\/uj.adatbank.ro\/lexikon\/wp-json\/wp\/v2\/comments?post=8949"}],"wp:attachment":[{"href":"https:\/\/uj.adatbank.ro\/lexikon\/wp-json\/wp\/v2\/media?parent=8949"}],"wp:term":[{"taxonomy":"product_brand","embeddable":true,"href":"https:\/\/uj.adatbank.ro\/lexikon\/wp-json\/wp\/v2\/product_brand?post=8949"},{"taxonomy":"product_cat","embeddable":true,"href":"https:\/\/uj.adatbank.ro\/lexikon\/wp-json\/wp\/v2\/product_cat?post=8949"},{"taxonomy":"product_tag","embeddable":true,"href":"https:\/\/uj.adatbank.ro\/lexikon\/wp-json\/wp\/v2\/product_tag?post=8949"}],"curies":[{"name":"wp","href":"https:\/\/api.w.org\/{rel}","templated":true}]}}