{"id":8950,"date":"2025-06-29T10:43:48","date_gmt":"2025-06-29T08:43:48","guid":{"rendered":"https:\/\/uj.adatbank.ro\/lexikon\/termek\/goga-octavian\/"},"modified":"2025-06-29T10:43:48","modified_gmt":"2025-06-29T08:43:48","slug":"goga-octavian","status":"publish","type":"product","link":"https:\/\/uj.adatbank.ro\/lexikon\/termek\/goga-octavian\/","title":{"rendered":"GOGA Octavian"},"content":{"rendered":"<p>Resin\u00e1r, 1881. \u00e1pr. 1., \u2020\u00a0Csucsa, 1938. m\u00e1j. 6.: k\u00f6lt\u0151, politikus, minisztereln\u00f6k, miniszter. \u2013 T\u00f6bbsz\u00f6r j\u00e1rt Mv.-en f\u0151leg v\u00e1laszt\u00e1si kamp\u00e1nyok alkalm\u00e1val (1920, 1922, 1925, 1929). T\u00f6bbsz\u00f6r volt Maros megye k\u00e9pvisel\u0151je a rom\u00e1n parlamentben (1932\u2013). Bern\u00e1dyval szoros kapcsolatban \u00e1llt a csucsai rom\u00e1n-magyar paktum megk\u00f6t\u00e9sekor a rom\u00e1n N\u00e9pp\u00e1rt \u00e9s az OMP k\u00f6z\u00f6tt (1924. nov. 25.). \u00e9s k\u00e9s\u0151bb is. R\u00e9szt vett Sz\u00e1szr\u00e9genben Groza P\u00e9terrel egy\u00fctt a J\u00f3kai \u00fcnneps\u00e9gen (1925. m\u00e1rc. 15), melyet a M. Polg\u00e1ri Dalk\u00f6r szervezett. R\u00e9szt vett a g\u00f6r. keleti katedr\u00e1lis alapk\u00f6v\u00e9nek beszentel\u00e9se \u00e9s a rom\u00e1n tanoncotthon felszentel\u00e9si \u00fcnneps\u00e9gen (1925). <br \/><strong>Irod.:<\/strong> Bern\u00e1dy; C. L. (2005. \u00e1pr. 5.); Domokos 1978; Id\u0151t\u00e1r 3; Molter K. levelez\u00e9se 1.; Mv. Molter Pomog\u00e1ts 1.<\/br><\/p>\n","protected":false},"excerpt":{"rendered":"<p>Resin\u00e1r, 1881. \u00e1pr. 1., \u2020\u00a0Csucsa, 1938. m\u00e1j. 6.: k\u00f6lt\u0151, politikus, minisztereln\u00f6k, miniszter. \u2013 T\u00f6bbsz\u00f6r j\u00e1rt Mv.-en f\u0151leg v\u00e1laszt\u00e1si kamp\u00e1nyok alkalm\u00e1val (1920, 1922, 1925, 1929). T\u00f6bbsz\u00f6r volt Maros megye k\u00e9pvisel\u0151je a rom\u00e1n parlamentben (1932\u2013). Bern\u00e1dyval szoros kapcsolatban \u00e1llt a csucsai rom\u00e1n-magyar paktum megk\u00f6t\u00e9sekor a rom\u00e1n N\u00e9pp\u00e1rt \u00e9s az OMP k\u00f6z\u00f6tt (1924. nov. 25.). \u00e9s k\u00e9s\u0151bb is. [&hellip;]<\/p>\n","protected":false},"featured_media":0,"comment_status":"open","ping_status":"closed","template":"","meta":[],"product_brand":[],"product_cat":[137],"product_tag":[],"class_list":{"0":"post-8950","1":"product","2":"type-product","3":"status-publish","5":"product_cat-maros-megyei-eletrajzi-lexikon","7":"first","8":"instock","9":"shipping-taxable","10":"product-type-simple"},"_links":{"self":[{"href":"https:\/\/uj.adatbank.ro\/lexikon\/wp-json\/wp\/v2\/product\/8950","targetHints":{"allow":["GET"]}}],"collection":[{"href":"https:\/\/uj.adatbank.ro\/lexikon\/wp-json\/wp\/v2\/product"}],"about":[{"href":"https:\/\/uj.adatbank.ro\/lexikon\/wp-json\/wp\/v2\/types\/product"}],"replies":[{"embeddable":true,"href":"https:\/\/uj.adatbank.ro\/lexikon\/wp-json\/wp\/v2\/comments?post=8950"}],"wp:attachment":[{"href":"https:\/\/uj.adatbank.ro\/lexikon\/wp-json\/wp\/v2\/media?parent=8950"}],"wp:term":[{"taxonomy":"product_brand","embeddable":true,"href":"https:\/\/uj.adatbank.ro\/lexikon\/wp-json\/wp\/v2\/product_brand?post=8950"},{"taxonomy":"product_cat","embeddable":true,"href":"https:\/\/uj.adatbank.ro\/lexikon\/wp-json\/wp\/v2\/product_cat?post=8950"},{"taxonomy":"product_tag","embeddable":true,"href":"https:\/\/uj.adatbank.ro\/lexikon\/wp-json\/wp\/v2\/product_tag?post=8950"}],"curies":[{"name":"wp","href":"https:\/\/api.w.org\/{rel}","templated":true}]}}