{"id":8951,"date":"2025-06-29T10:43:50","date_gmt":"2025-06-29T08:43:50","guid":{"rendered":"https:\/\/uj.adatbank.ro\/lexikon\/termek\/goga-traian\/"},"modified":"2025-06-29T10:43:50","modified_gmt":"2025-06-29T08:43:50","slug":"goga-traian","status":"publish","type":"product","link":"https:\/\/uj.adatbank.ro\/lexikon\/termek\/goga-traian\/","title":{"rendered":"GOGA Traian"},"content":{"rendered":"<p>Holtmaros, 1917. j\u00fal. 16., \u2020 Nagyv\u00e1rad, 1989.: tan\u00e1r, fest\u0151. \u2013 Az elemiiskola els\u0151 oszt\u00e1lyainak bev\u00e9gezt\u00e9vel a csal\u00e1d Biharmegy\u00e9be k\u00fclt\u00f6z\u00f6tt \u00e9s Nagyv\u00e1radon tanult tov\u00e1bb a g\u00f6r. kat. tan\u00edt\u00f3k\u00e9pz\u0151ben (1933); sz\u00e9pm\u0171v\u00e9szeti f\u0151iskol\u00e1n Temesv\u00e1ron, Buk.-ben tanult, ahol k\u00e9t \u00e9vig Camil Ressu tan\u00edtv\u00e1nya (1939\u201340). R\u00e9szt vett a II. vh.-ban, megsebes\u00fclt, majd hazat\u00e9rve befejezte f\u0151iskolai tanulm\u00e1nyait. Tan\u00edtott Nagyv\u00e1radon egykori iskol\u00e1j\u00e1ban (1945\u201363, majd a m\u0171v\u00e9szeti l\u00edc.-ban nyugd\u00edjaz\u00e1s\u00e1ig (1963\u201377). A K\u00e9pz\u0151m\u0171v\u00e9szek Sz\u00f6vets\u00e9ge nagyv\u00e1radi fi\u00f3kj\u00e1nak titk\u00e1ra (1953), eln\u00f6ke (1960). T\u00e1jk\u00e9peket, kompozici\u00f3kat festett. Tehets\u00e9ges karikat\u00far\u00e1kat k\u00e9sz\u00edtett kort\u00e1rsair\u00f3l: V. Netea, Nagy Istv\u00e1n, Vladimir Streinu, Emil Gavri\u015f, V. Eftimiu, Zaharia Macovei, Alexandru Andri\u0163oiur\u00f3l. \u2013 <strong>F. ki\u00e1ll.:<\/strong> egy\u00e9ni: Nagyv\u00e1rad (1936, 1947, 1956, 1963, 1973, 1980, 1989, 1993); Mv. (1969), D\u00e9va (1969), B\u00e9cs (1970), Buk. (1971, 1975, 1976, 1979, 1983), Kv. (1979); csoportos ki\u00e1ll.: Buk (1945, 54, 64, 66, 68, 70, 72\u201379, 82, 86); Nagyv\u00e1rad (1947, 49, 55\u201356, 57, 59, 60\u201361, 63\u201379, 81\u201384, 87\u201389); Kv (1948, 53, 70, 76); Szalonta (1960); Mv (1969); Torino (1969); Arad (1970), Debrecen (1972), Moszkva (1974); Iasi, Constanta, Brass\u00f3 (1979). \u2013 <strong>F. m.:<\/strong> Traian Goga 1917\u20131989.: album \u015fi expozi\u0163ie retrospectiv\u0103 (Oradea, 1993). <br \/><strong>Irod.:<\/strong> MMK; Todea 2013<\/br><\/p>\n","protected":false},"excerpt":{"rendered":"<p>Holtmaros, 1917. j\u00fal. 16., \u2020 Nagyv\u00e1rad, 1989.: tan\u00e1r, fest\u0151. \u2013 Az elemiiskola els\u0151 oszt\u00e1lyainak bev\u00e9gezt\u00e9vel a csal\u00e1d Biharmegy\u00e9be k\u00fclt\u00f6z\u00f6tt \u00e9s Nagyv\u00e1radon tanult tov\u00e1bb a g\u00f6r. kat. tan\u00edt\u00f3k\u00e9pz\u0151ben (1933); sz\u00e9pm\u0171v\u00e9szeti f\u0151iskol\u00e1n Temesv\u00e1ron, Buk.-ben tanult, ahol k\u00e9t \u00e9vig Camil Ressu tan\u00edtv\u00e1nya (1939\u201340). R\u00e9szt vett a II. vh.-ban, megsebes\u00fclt, majd hazat\u00e9rve befejezte f\u0151iskolai tanulm\u00e1nyait. Tan\u00edtott Nagyv\u00e1radon egykori iskol\u00e1j\u00e1ban [&hellip;]<\/p>\n","protected":false},"featured_media":0,"comment_status":"open","ping_status":"closed","template":"","meta":[],"product_brand":[],"product_cat":[137],"product_tag":[],"class_list":{"0":"post-8951","1":"product","2":"type-product","3":"status-publish","5":"product_cat-maros-megyei-eletrajzi-lexikon","7":"first","8":"instock","9":"shipping-taxable","10":"product-type-simple"},"_links":{"self":[{"href":"https:\/\/uj.adatbank.ro\/lexikon\/wp-json\/wp\/v2\/product\/8951","targetHints":{"allow":["GET"]}}],"collection":[{"href":"https:\/\/uj.adatbank.ro\/lexikon\/wp-json\/wp\/v2\/product"}],"about":[{"href":"https:\/\/uj.adatbank.ro\/lexikon\/wp-json\/wp\/v2\/types\/product"}],"replies":[{"embeddable":true,"href":"https:\/\/uj.adatbank.ro\/lexikon\/wp-json\/wp\/v2\/comments?post=8951"}],"wp:attachment":[{"href":"https:\/\/uj.adatbank.ro\/lexikon\/wp-json\/wp\/v2\/media?parent=8951"}],"wp:term":[{"taxonomy":"product_brand","embeddable":true,"href":"https:\/\/uj.adatbank.ro\/lexikon\/wp-json\/wp\/v2\/product_brand?post=8951"},{"taxonomy":"product_cat","embeddable":true,"href":"https:\/\/uj.adatbank.ro\/lexikon\/wp-json\/wp\/v2\/product_cat?post=8951"},{"taxonomy":"product_tag","embeddable":true,"href":"https:\/\/uj.adatbank.ro\/lexikon\/wp-json\/wp\/v2\/product_tag?post=8951"}],"curies":[{"name":"wp","href":"https:\/\/api.w.org\/{rel}","templated":true}]}}