{"id":8953,"date":"2025-06-29T10:43:53","date_gmt":"2025-06-29T08:43:53","guid":{"rendered":"https:\/\/uj.adatbank.ro\/lexikon\/termek\/gojdel-zsigmond\/"},"modified":"2025-06-29T10:43:53","modified_gmt":"2025-06-29T08:43:53","slug":"gojdel-zsigmond","status":"publish","type":"product","link":"https:\/\/uj.adatbank.ro\/lexikon\/termek\/gojdel-zsigmond\/","title":{"rendered":"GOJDEL Zsigmond"},"content":{"rendered":"<p>? \u2020\u00a0? : m\u00e9sz\u00e1ros. \u2013 Mv.-en a zsid\u00f3 hitk\u00f6zs\u00e9ggel k\u00f6t\u00f6tt szerz\u0151d\u00e9st k\u00f3ser m\u00e9sz\u00e1ros term\u00e9kek elad\u00e1s\u00e1ra (1934\u201335). <br \/><strong>Irod.:<\/strong> Mv. zsid\u00f3s\u00e1ga; Sebesty\u00e9n Mih\u00e1ly-Diamanstein Gy\u00f6rgy: Egy els\u00fclyedt vil\u00e1g \u00e9breszt\u00e9se = Eml\u00e9kk. Szab\u00f3 Mikl\u00f3s<\/br><\/p>\n","protected":false},"excerpt":{"rendered":"<p>? \u2020\u00a0? : m\u00e9sz\u00e1ros. \u2013 Mv.-en a zsid\u00f3 hitk\u00f6zs\u00e9ggel k\u00f6t\u00f6tt szerz\u0151d\u00e9st k\u00f3ser m\u00e9sz\u00e1ros term\u00e9kek elad\u00e1s\u00e1ra (1934\u201335). Irod.: Mv. zsid\u00f3s\u00e1ga; Sebesty\u00e9n Mih\u00e1ly-Diamanstein Gy\u00f6rgy: Egy els\u00fclyedt vil\u00e1g \u00e9breszt\u00e9se = Eml\u00e9kk. Szab\u00f3 Mikl\u00f3s<\/p>\n","protected":false},"featured_media":0,"comment_status":"open","ping_status":"closed","template":"","meta":[],"product_brand":[],"product_cat":[137],"product_tag":[],"class_list":{"0":"post-8953","1":"product","2":"type-product","3":"status-publish","5":"product_cat-maros-megyei-eletrajzi-lexikon","7":"first","8":"instock","9":"shipping-taxable","10":"product-type-simple"},"_links":{"self":[{"href":"https:\/\/uj.adatbank.ro\/lexikon\/wp-json\/wp\/v2\/product\/8953","targetHints":{"allow":["GET"]}}],"collection":[{"href":"https:\/\/uj.adatbank.ro\/lexikon\/wp-json\/wp\/v2\/product"}],"about":[{"href":"https:\/\/uj.adatbank.ro\/lexikon\/wp-json\/wp\/v2\/types\/product"}],"replies":[{"embeddable":true,"href":"https:\/\/uj.adatbank.ro\/lexikon\/wp-json\/wp\/v2\/comments?post=8953"}],"wp:attachment":[{"href":"https:\/\/uj.adatbank.ro\/lexikon\/wp-json\/wp\/v2\/media?parent=8953"}],"wp:term":[{"taxonomy":"product_brand","embeddable":true,"href":"https:\/\/uj.adatbank.ro\/lexikon\/wp-json\/wp\/v2\/product_brand?post=8953"},{"taxonomy":"product_cat","embeddable":true,"href":"https:\/\/uj.adatbank.ro\/lexikon\/wp-json\/wp\/v2\/product_cat?post=8953"},{"taxonomy":"product_tag","embeddable":true,"href":"https:\/\/uj.adatbank.ro\/lexikon\/wp-json\/wp\/v2\/product_tag?post=8953"}],"curies":[{"name":"wp","href":"https:\/\/api.w.org\/{rel}","templated":true}]}}