{"id":8954,"date":"2025-06-29T10:43:55","date_gmt":"2025-06-29T08:43:55","guid":{"rendered":"https:\/\/uj.adatbank.ro\/lexikon\/termek\/gold-arzen-jozsef-p\/"},"modified":"2025-06-29T10:43:55","modified_gmt":"2025-06-29T08:43:55","slug":"gold-arzen-jozsef-p","status":"publish","type":"product","link":"https:\/\/uj.adatbank.ro\/lexikon\/termek\/gold-arzen-jozsef-p\/","title":{"rendered":"GOLD \u00c1rz\u00e9n J\u00f3zsef, P."},"content":{"rendered":"<p>Mv., 1742., \u2020\u00a0Kir\u00e1lyb\u00e1nya, 1792. febr. 23.: ferences szerzetes. \u2013 Be\u00f6lt\u00f6z\u00f6tt (1758. aug. 25.), felszentelt\u00e9k (1765. nov. 1.). <br \/><strong>Irod.:<\/strong> Gy\u00f6rgy: A ferencrendiek<\/br><\/p>\n","protected":false},"excerpt":{"rendered":"<p>Mv., 1742., \u2020\u00a0Kir\u00e1lyb\u00e1nya, 1792. febr. 23.: ferences szerzetes. \u2013 Be\u00f6lt\u00f6z\u00f6tt (1758. aug. 25.), felszentelt\u00e9k (1765. nov. 1.). Irod.: Gy\u00f6rgy: A ferencrendiek<\/p>\n","protected":false},"featured_media":0,"comment_status":"open","ping_status":"closed","template":"","meta":[],"product_brand":[],"product_cat":[137],"product_tag":[],"class_list":{"0":"post-8954","1":"product","2":"type-product","3":"status-publish","5":"product_cat-maros-megyei-eletrajzi-lexikon","7":"first","8":"instock","9":"shipping-taxable","10":"product-type-simple"},"_links":{"self":[{"href":"https:\/\/uj.adatbank.ro\/lexikon\/wp-json\/wp\/v2\/product\/8954","targetHints":{"allow":["GET"]}}],"collection":[{"href":"https:\/\/uj.adatbank.ro\/lexikon\/wp-json\/wp\/v2\/product"}],"about":[{"href":"https:\/\/uj.adatbank.ro\/lexikon\/wp-json\/wp\/v2\/types\/product"}],"replies":[{"embeddable":true,"href":"https:\/\/uj.adatbank.ro\/lexikon\/wp-json\/wp\/v2\/comments?post=8954"}],"wp:attachment":[{"href":"https:\/\/uj.adatbank.ro\/lexikon\/wp-json\/wp\/v2\/media?parent=8954"}],"wp:term":[{"taxonomy":"product_brand","embeddable":true,"href":"https:\/\/uj.adatbank.ro\/lexikon\/wp-json\/wp\/v2\/product_brand?post=8954"},{"taxonomy":"product_cat","embeddable":true,"href":"https:\/\/uj.adatbank.ro\/lexikon\/wp-json\/wp\/v2\/product_cat?post=8954"},{"taxonomy":"product_tag","embeddable":true,"href":"https:\/\/uj.adatbank.ro\/lexikon\/wp-json\/wp\/v2\/product_tag?post=8954"}],"curies":[{"name":"wp","href":"https:\/\/api.w.org\/{rel}","templated":true}]}}