{"id":8955,"date":"2025-06-29T10:43:58","date_gmt":"2025-06-29T08:43:58","guid":{"rendered":"https:\/\/uj.adatbank.ro\/lexikon\/termek\/gold-efraim\/"},"modified":"2025-06-29T10:43:58","modified_gmt":"2025-06-29T08:43:58","slug":"gold-efraim","status":"publish","type":"product","link":"https:\/\/uj.adatbank.ro\/lexikon\/termek\/gold-efraim\/","title":{"rendered":"GOLD Efraim"},"content":{"rendered":"<p>1894 \u2020\u00a0?: keresked\u0151. \u2013 Iskol\u00e1i elv\u00e9gz\u00e9se ut\u00e1n a sapkak\u00e9sz\u00edt\u00f3 ipart tanulta, majd \u00f6n\u00e1ll\u00f3 keresked\u0151 lett Mv.-en (1920\u2013). Feles\u00e9g\u00e9t (1899\u2013) Mv. -r\u0151l deport\u00e1lt\u00e1k (1944. m\u00e1j. 29.). <br \/><strong>Irod.:<\/strong> Mv. zsid\u00f3s\u00e1ga; Sz\u00e9kelyf\u00f6ld \u00ed. k<\/br><\/p>\n","protected":false},"excerpt":{"rendered":"<p>1894 \u2020\u00a0?: keresked\u0151. \u2013 Iskol\u00e1i elv\u00e9gz\u00e9se ut\u00e1n a sapkak\u00e9sz\u00edt\u00f3 ipart tanulta, majd \u00f6n\u00e1ll\u00f3 keresked\u0151 lett Mv.-en (1920\u2013). Feles\u00e9g\u00e9t (1899\u2013) Mv. -r\u0151l deport\u00e1lt\u00e1k (1944. m\u00e1j. 29.). Irod.: Mv. zsid\u00f3s\u00e1ga; Sz\u00e9kelyf\u00f6ld \u00ed. k<\/p>\n","protected":false},"featured_media":0,"comment_status":"open","ping_status":"closed","template":"","meta":[],"product_brand":[],"product_cat":[137],"product_tag":[],"class_list":{"0":"post-8955","1":"product","2":"type-product","3":"status-publish","5":"product_cat-maros-megyei-eletrajzi-lexikon","7":"first","8":"instock","9":"shipping-taxable","10":"product-type-simple"},"_links":{"self":[{"href":"https:\/\/uj.adatbank.ro\/lexikon\/wp-json\/wp\/v2\/product\/8955","targetHints":{"allow":["GET"]}}],"collection":[{"href":"https:\/\/uj.adatbank.ro\/lexikon\/wp-json\/wp\/v2\/product"}],"about":[{"href":"https:\/\/uj.adatbank.ro\/lexikon\/wp-json\/wp\/v2\/types\/product"}],"replies":[{"embeddable":true,"href":"https:\/\/uj.adatbank.ro\/lexikon\/wp-json\/wp\/v2\/comments?post=8955"}],"wp:attachment":[{"href":"https:\/\/uj.adatbank.ro\/lexikon\/wp-json\/wp\/v2\/media?parent=8955"}],"wp:term":[{"taxonomy":"product_brand","embeddable":true,"href":"https:\/\/uj.adatbank.ro\/lexikon\/wp-json\/wp\/v2\/product_brand?post=8955"},{"taxonomy":"product_cat","embeddable":true,"href":"https:\/\/uj.adatbank.ro\/lexikon\/wp-json\/wp\/v2\/product_cat?post=8955"},{"taxonomy":"product_tag","embeddable":true,"href":"https:\/\/uj.adatbank.ro\/lexikon\/wp-json\/wp\/v2\/product_tag?post=8955"}],"curies":[{"name":"wp","href":"https:\/\/api.w.org\/{rel}","templated":true}]}}