{"id":8957,"date":"2025-06-29T10:44:00","date_gmt":"2025-06-29T08:44:00","guid":{"rendered":"https:\/\/uj.adatbank.ro\/lexikon\/termek\/goldfinger-jakab\/"},"modified":"2025-06-29T10:44:00","modified_gmt":"2025-06-29T08:44:00","slug":"goldfinger-jakab","status":"publish","type":"product","link":"https:\/\/uj.adatbank.ro\/lexikon\/termek\/goldfinger-jakab\/","title":{"rendered":"GOLDFINGER Jakab"},"content":{"rendered":"<p>1835 k. \u2020\u00a01915.: fakitermel\u0151, r. t. igazgat\u00f3. \u2013 Sz\u00e1szr\u00e9genben a G. \u00e9s Tepl\u00e1nszky c\u00e9g f\u0171r\u00e9sz\u00fczemet l\u00e9tes\u00edtett. <br \/><strong>Irod.:<\/strong> K\u00e1d\u00e1r \u2013 P\u00e1l-Antal<\/br><\/p>\n","protected":false},"excerpt":{"rendered":"<p>1835 k. \u2020\u00a01915.: fakitermel\u0151, r. t. igazgat\u00f3. \u2013 Sz\u00e1szr\u00e9genben a G. \u00e9s Tepl\u00e1nszky c\u00e9g f\u0171r\u00e9sz\u00fczemet l\u00e9tes\u00edtett. Irod.: K\u00e1d\u00e1r \u2013 P\u00e1l-Antal<\/p>\n","protected":false},"featured_media":0,"comment_status":"open","ping_status":"closed","template":"","meta":[],"product_brand":[],"product_cat":[137],"product_tag":[],"class_list":{"0":"post-8957","1":"product","2":"type-product","3":"status-publish","5":"product_cat-maros-megyei-eletrajzi-lexikon","7":"first","8":"instock","9":"shipping-taxable","10":"product-type-simple"},"_links":{"self":[{"href":"https:\/\/uj.adatbank.ro\/lexikon\/wp-json\/wp\/v2\/product\/8957","targetHints":{"allow":["GET"]}}],"collection":[{"href":"https:\/\/uj.adatbank.ro\/lexikon\/wp-json\/wp\/v2\/product"}],"about":[{"href":"https:\/\/uj.adatbank.ro\/lexikon\/wp-json\/wp\/v2\/types\/product"}],"replies":[{"embeddable":true,"href":"https:\/\/uj.adatbank.ro\/lexikon\/wp-json\/wp\/v2\/comments?post=8957"}],"wp:attachment":[{"href":"https:\/\/uj.adatbank.ro\/lexikon\/wp-json\/wp\/v2\/media?parent=8957"}],"wp:term":[{"taxonomy":"product_brand","embeddable":true,"href":"https:\/\/uj.adatbank.ro\/lexikon\/wp-json\/wp\/v2\/product_brand?post=8957"},{"taxonomy":"product_cat","embeddable":true,"href":"https:\/\/uj.adatbank.ro\/lexikon\/wp-json\/wp\/v2\/product_cat?post=8957"},{"taxonomy":"product_tag","embeddable":true,"href":"https:\/\/uj.adatbank.ro\/lexikon\/wp-json\/wp\/v2\/product_tag?post=8957"}],"curies":[{"name":"wp","href":"https:\/\/api.w.org\/{rel}","templated":true}]}}