{"id":8958,"date":"2025-06-29T10:44:02","date_gmt":"2025-06-29T08:44:02","guid":{"rendered":"https:\/\/uj.adatbank.ro\/lexikon\/termek\/goldfinger-oszkar\/"},"modified":"2025-06-29T10:44:02","modified_gmt":"2025-06-29T08:44:02","slug":"goldfinger-oszkar","status":"publish","type":"product","link":"https:\/\/uj.adatbank.ro\/lexikon\/termek\/goldfinger-oszkar\/","title":{"rendered":"GOLDFINGER Oszk\u00e1r"},"content":{"rendered":"<p>? \u2020 ? : nagyv\u00e1llalkoz\u00f3, milliomos. \u2013 Rendk\u00edv\u00fcl alacsony \u00e1ron \u00f6sszev\u00e1s\u00e1rolt sz\u00e1mos erd\u00e9lyi f\u00fcr\u00e9sz\u00fczemet (1916), t\u00f6bbek k\u00f6z\u00f6tt a mv.-i Farkas M. f\u00e9le telepet is. A Forestia faipari m. -olasz-rom\u00e1n c\u00e9ghez csatlakozott (1920). Megv\u00e1s\u00e1rolta a r\u00e9gi Farkas f\u00e9le villanytelepet a v\u00e1rosi tan\u00e1cst\u00f3l (1920). <br \/><strong>Irod.:<\/strong> Id\u0151t\u00e1r 3<\/br><\/p>\n","protected":false},"excerpt":{"rendered":"<p>? \u2020 ? : nagyv\u00e1llalkoz\u00f3, milliomos. \u2013 Rendk\u00edv\u00fcl alacsony \u00e1ron \u00f6sszev\u00e1s\u00e1rolt sz\u00e1mos erd\u00e9lyi f\u00fcr\u00e9sz\u00fczemet (1916), t\u00f6bbek k\u00f6z\u00f6tt a mv.-i Farkas M. f\u00e9le telepet is. A Forestia faipari m. -olasz-rom\u00e1n c\u00e9ghez csatlakozott (1920). Megv\u00e1s\u00e1rolta a r\u00e9gi Farkas f\u00e9le villanytelepet a v\u00e1rosi tan\u00e1cst\u00f3l (1920). Irod.: Id\u0151t\u00e1r 3<\/p>\n","protected":false},"featured_media":0,"comment_status":"open","ping_status":"closed","template":"","meta":[],"product_brand":[],"product_cat":[137],"product_tag":[],"class_list":{"0":"post-8958","1":"product","2":"type-product","3":"status-publish","5":"product_cat-maros-megyei-eletrajzi-lexikon","7":"first","8":"instock","9":"shipping-taxable","10":"product-type-simple"},"_links":{"self":[{"href":"https:\/\/uj.adatbank.ro\/lexikon\/wp-json\/wp\/v2\/product\/8958","targetHints":{"allow":["GET"]}}],"collection":[{"href":"https:\/\/uj.adatbank.ro\/lexikon\/wp-json\/wp\/v2\/product"}],"about":[{"href":"https:\/\/uj.adatbank.ro\/lexikon\/wp-json\/wp\/v2\/types\/product"}],"replies":[{"embeddable":true,"href":"https:\/\/uj.adatbank.ro\/lexikon\/wp-json\/wp\/v2\/comments?post=8958"}],"wp:attachment":[{"href":"https:\/\/uj.adatbank.ro\/lexikon\/wp-json\/wp\/v2\/media?parent=8958"}],"wp:term":[{"taxonomy":"product_brand","embeddable":true,"href":"https:\/\/uj.adatbank.ro\/lexikon\/wp-json\/wp\/v2\/product_brand?post=8958"},{"taxonomy":"product_cat","embeddable":true,"href":"https:\/\/uj.adatbank.ro\/lexikon\/wp-json\/wp\/v2\/product_cat?post=8958"},{"taxonomy":"product_tag","embeddable":true,"href":"https:\/\/uj.adatbank.ro\/lexikon\/wp-json\/wp\/v2\/product_tag?post=8958"}],"curies":[{"name":"wp","href":"https:\/\/api.w.org\/{rel}","templated":true}]}}