{"id":8959,"date":"2025-06-29T10:44:04","date_gmt":"2025-06-29T08:44:04","guid":{"rendered":"https:\/\/uj.adatbank.ro\/lexikon\/termek\/goldglantz-henrik\/"},"modified":"2025-06-29T10:44:04","modified_gmt":"2025-06-29T08:44:04","slug":"goldglantz-henrik","status":"publish","type":"product","link":"https:\/\/uj.adatbank.ro\/lexikon\/termek\/goldglantz-henrik\/","title":{"rendered":"GOLDGLANTZ Henrik"},"content":{"rendered":"<p>? \u2020 ? : f\u00fcl-orr-g\u00e9g\u00e9sz szakorvos. \u2013 Mv.-en a Bolyai u. 4.-ben volt rendel\u0151je. Kv.-ra a Zsid\u00f3 K\u00f3rh\u00e1zba h\u00edvt\u00e1k meg szakorvosnak (1931). <br \/><strong>Irod.:<\/strong> Kiss Cs. M 3.<\/br><\/p>\n","protected":false},"excerpt":{"rendered":"<p>? \u2020 ? : f\u00fcl-orr-g\u00e9g\u00e9sz szakorvos. \u2013 Mv.-en a Bolyai u. 4.-ben volt rendel\u0151je. Kv.-ra a Zsid\u00f3 K\u00f3rh\u00e1zba h\u00edvt\u00e1k meg szakorvosnak (1931). Irod.: Kiss Cs. M 3.<\/p>\n","protected":false},"featured_media":0,"comment_status":"open","ping_status":"closed","template":"","meta":[],"product_brand":[],"product_cat":[137],"product_tag":[],"class_list":{"0":"post-8959","1":"product","2":"type-product","3":"status-publish","5":"product_cat-maros-megyei-eletrajzi-lexikon","7":"first","8":"instock","9":"shipping-taxable","10":"product-type-simple"},"_links":{"self":[{"href":"https:\/\/uj.adatbank.ro\/lexikon\/wp-json\/wp\/v2\/product\/8959","targetHints":{"allow":["GET"]}}],"collection":[{"href":"https:\/\/uj.adatbank.ro\/lexikon\/wp-json\/wp\/v2\/product"}],"about":[{"href":"https:\/\/uj.adatbank.ro\/lexikon\/wp-json\/wp\/v2\/types\/product"}],"replies":[{"embeddable":true,"href":"https:\/\/uj.adatbank.ro\/lexikon\/wp-json\/wp\/v2\/comments?post=8959"}],"wp:attachment":[{"href":"https:\/\/uj.adatbank.ro\/lexikon\/wp-json\/wp\/v2\/media?parent=8959"}],"wp:term":[{"taxonomy":"product_brand","embeddable":true,"href":"https:\/\/uj.adatbank.ro\/lexikon\/wp-json\/wp\/v2\/product_brand?post=8959"},{"taxonomy":"product_cat","embeddable":true,"href":"https:\/\/uj.adatbank.ro\/lexikon\/wp-json\/wp\/v2\/product_cat?post=8959"},{"taxonomy":"product_tag","embeddable":true,"href":"https:\/\/uj.adatbank.ro\/lexikon\/wp-json\/wp\/v2\/product_tag?post=8959"}],"curies":[{"name":"wp","href":"https:\/\/api.w.org\/{rel}","templated":true}]}}