{"id":8961,"date":"2025-06-29T10:44:10","date_gmt":"2025-06-29T08:44:10","guid":{"rendered":"https:\/\/uj.adatbank.ro\/lexikon\/termek\/golding-pal-goldfinger-pal\/"},"modified":"2025-06-29T10:44:10","modified_gmt":"2025-06-29T08:44:10","slug":"golding-pal-goldfinger-pal","status":"publish","type":"product","link":"https:\/\/uj.adatbank.ro\/lexikon\/termek\/golding-pal-goldfinger-pal\/","title":{"rendered":"GOLDING P\u00e1l, Goldfinger P\u00e1l"},"content":{"rendered":"<p>Sz\u00e1szr\u00e9gen, 1905. jan. 10., \u2020\u00a0?: dr. tech., vegy\u00e9sz. \u2013 A k\u00f6z\u00e9piskol\u00e1ban Bp.-en, Sv\u00e1jcban tanult, \u00e9retts\u00e9gizett Bp.-en (1923). F\u0151iskolai tanulm\u00e1nyokat Z\u00fcrichben folytatott (1923\u201327), \u00e9s doktori diplom\u00e1t szerzett; Nowytargba (Lengyelo.) \u00e9lt (1929\u2013). \u2013 <strong>F. m.:<\/strong> Versuch einer Verallgemeinerung der Stereochemie (Bp., 1929). <br \/><strong>Irod.:<\/strong> Guly\u00e1s; Profiluri reghinene<\/br><\/p>\n","protected":false},"excerpt":{"rendered":"<p>Sz\u00e1szr\u00e9gen, 1905. jan. 10., \u2020\u00a0?: dr. tech., vegy\u00e9sz. \u2013 A k\u00f6z\u00e9piskol\u00e1ban Bp.-en, Sv\u00e1jcban tanult, \u00e9retts\u00e9gizett Bp.-en (1923). F\u0151iskolai tanulm\u00e1nyokat Z\u00fcrichben folytatott (1923\u201327), \u00e9s doktori diplom\u00e1t szerzett; Nowytargba (Lengyelo.) \u00e9lt (1929\u2013). \u2013 F. m.: Versuch einer Verallgemeinerung der Stereochemie (Bp., 1929). Irod.: Guly\u00e1s; Profiluri reghinene<\/p>\n","protected":false},"featured_media":0,"comment_status":"open","ping_status":"closed","template":"","meta":[],"product_brand":[],"product_cat":[137],"product_tag":[],"class_list":{"0":"post-8961","1":"product","2":"type-product","3":"status-publish","5":"product_cat-maros-megyei-eletrajzi-lexikon","7":"first","8":"instock","9":"shipping-taxable","10":"product-type-simple"},"_links":{"self":[{"href":"https:\/\/uj.adatbank.ro\/lexikon\/wp-json\/wp\/v2\/product\/8961","targetHints":{"allow":["GET"]}}],"collection":[{"href":"https:\/\/uj.adatbank.ro\/lexikon\/wp-json\/wp\/v2\/product"}],"about":[{"href":"https:\/\/uj.adatbank.ro\/lexikon\/wp-json\/wp\/v2\/types\/product"}],"replies":[{"embeddable":true,"href":"https:\/\/uj.adatbank.ro\/lexikon\/wp-json\/wp\/v2\/comments?post=8961"}],"wp:attachment":[{"href":"https:\/\/uj.adatbank.ro\/lexikon\/wp-json\/wp\/v2\/media?parent=8961"}],"wp:term":[{"taxonomy":"product_brand","embeddable":true,"href":"https:\/\/uj.adatbank.ro\/lexikon\/wp-json\/wp\/v2\/product_brand?post=8961"},{"taxonomy":"product_cat","embeddable":true,"href":"https:\/\/uj.adatbank.ro\/lexikon\/wp-json\/wp\/v2\/product_cat?post=8961"},{"taxonomy":"product_tag","embeddable":true,"href":"https:\/\/uj.adatbank.ro\/lexikon\/wp-json\/wp\/v2\/product_tag?post=8961"}],"curies":[{"name":"wp","href":"https:\/\/api.w.org\/{rel}","templated":true}]}}