{"id":8965,"date":"2025-06-29T10:44:15","date_gmt":"2025-06-29T08:44:15","guid":{"rendered":"https:\/\/uj.adatbank.ro\/lexikon\/termek\/goldner-karoly-goldner-carol\/"},"modified":"2025-06-29T10:44:15","modified_gmt":"2025-06-29T08:44:15","slug":"goldner-karoly-goldner-carol","status":"publish","type":"product","link":"https:\/\/uj.adatbank.ro\/lexikon\/termek\/goldner-karoly-goldner-carol\/","title":{"rendered":"G\u00d6LDNER K\u00e1roly, G\u00f6ldner Carol"},"content":{"rendered":"<p>Mv., 1861., \u2020 ?: \u00fcgyv\u00e9d. \u2013 Feles\u00e9ge: s\u00f3falvi Illy\u00e9s Margit. Gyermekeik: K\u00e1lm\u00e1n (\u2020 1917); Ella dr. Kapusi Imr\u00e9n\u00e9; Margit; Piroska (1901-Mv., 1929. jan. 16.); Erzsi D\u00e1vid J\u00e1nosn\u00e9; ifj. K\u00e1roly; L\u00e1szl\u00f3. \u2013 B\u00edr\u00f3, majd Kir. It\u00e9l\u0151t\u00e1blai tan\u00e1cseln\u00f6k Mv.-en (1918. jan. \u2013 1919); \u00fcgyv\u00e9di irod\u00e1t nyitott (1920\u2013). Elk\u00f6lt\u00f6z\u00f6tt Mv. -r\u0151l (1929\u2013). A mv.-i Kaszino eln\u00f6ke (1919\u201322). A jogi szakirodalom mellett ford\u00edtott is, Goethe ford\u00edt\u00e1sa megjelent a Zord Id\u0151-ben. Tagja volt a Mv.-en megalakult els\u0151 kvartettnek (Mentovich Gyula I. heged\u0171, G\u00f6ldner K\u00e1roly II. heged\u0171, Petelei Istv\u00e1n m\u00e9lyheged\u0171, Fanfuri Gyula gordonka. <br \/><strong>Irod.:<\/strong> Almanah Tg. M.; Bi\u00e1s Istv\u00e1n; Guly\u00e1s; Gy\u00e1szjelent\u0151; Id\u0151t\u00e1r 3; Kakasi M\u00e1rton: Naplemente (Mv., 1931); Kim; Sebesty\u00e9n<\/br><\/p>\n","protected":false},"excerpt":{"rendered":"<p>Mv., 1861., \u2020 ?: \u00fcgyv\u00e9d. \u2013 Feles\u00e9ge: s\u00f3falvi Illy\u00e9s Margit. Gyermekeik: K\u00e1lm\u00e1n (\u2020 1917); Ella dr. Kapusi Imr\u00e9n\u00e9; Margit; Piroska (1901-Mv., 1929. jan. 16.); Erzsi D\u00e1vid J\u00e1nosn\u00e9; ifj. K\u00e1roly; L\u00e1szl\u00f3. \u2013 B\u00edr\u00f3, majd Kir. It\u00e9l\u0151t\u00e1blai tan\u00e1cseln\u00f6k Mv.-en (1918. jan. \u2013 1919); \u00fcgyv\u00e9di irod\u00e1t nyitott (1920\u2013). Elk\u00f6lt\u00f6z\u00f6tt Mv. -r\u0151l (1929\u2013). A mv.-i Kaszino eln\u00f6ke (1919\u201322). A [&hellip;]<\/p>\n","protected":false},"featured_media":0,"comment_status":"open","ping_status":"closed","template":"","meta":[],"product_brand":[],"product_cat":[137],"product_tag":[],"class_list":{"0":"post-8965","1":"product","2":"type-product","3":"status-publish","5":"product_cat-maros-megyei-eletrajzi-lexikon","7":"first","8":"instock","9":"shipping-taxable","10":"product-type-simple"},"_links":{"self":[{"href":"https:\/\/uj.adatbank.ro\/lexikon\/wp-json\/wp\/v2\/product\/8965","targetHints":{"allow":["GET"]}}],"collection":[{"href":"https:\/\/uj.adatbank.ro\/lexikon\/wp-json\/wp\/v2\/product"}],"about":[{"href":"https:\/\/uj.adatbank.ro\/lexikon\/wp-json\/wp\/v2\/types\/product"}],"replies":[{"embeddable":true,"href":"https:\/\/uj.adatbank.ro\/lexikon\/wp-json\/wp\/v2\/comments?post=8965"}],"wp:attachment":[{"href":"https:\/\/uj.adatbank.ro\/lexikon\/wp-json\/wp\/v2\/media?parent=8965"}],"wp:term":[{"taxonomy":"product_brand","embeddable":true,"href":"https:\/\/uj.adatbank.ro\/lexikon\/wp-json\/wp\/v2\/product_brand?post=8965"},{"taxonomy":"product_cat","embeddable":true,"href":"https:\/\/uj.adatbank.ro\/lexikon\/wp-json\/wp\/v2\/product_cat?post=8965"},{"taxonomy":"product_tag","embeddable":true,"href":"https:\/\/uj.adatbank.ro\/lexikon\/wp-json\/wp\/v2\/product_tag?post=8965"}],"curies":[{"name":"wp","href":"https:\/\/api.w.org\/{rel}","templated":true}]}}